{"id":632,"date":"2026-01-08T16:10:40","date_gmt":"2026-01-08T16:10:40","guid":{"rendered":"https:\/\/diseno.ipnsa.mx\/?post_type=product&#038;p=632"},"modified":"2026-01-09T19:31:53","modified_gmt":"2026-01-09T19:31:53","slug":"lincoln-invertec-v160-t","status":"publish","type":"product","link":"https:\/\/ipnsa.mx\/?product=lincoln-invertec-v160-t","title":{"rendered":"LINCOLN INVERTEC V160-T"},"content":{"rendered":"<p>\u2022 Unidad de soldadura Invertec V160<br \/>\n\u2022 Cable de alimentaci\u00f3n con enchufe<br \/>\n\u2022 Conectores r\u00e1pidos de 1\/4 de vuelta para cables de soldadura<br \/>\n\u2022 Manual de instrucciones en espa\u00f1ol<br \/>\n\u2022 Certificados de conformidad CE<\/p>\n<p>\u2022 Antorcha TIG refrigerada por aire o agua<br \/>\n\u2022 Control remoto de corriente (K10095-1-15M)<br \/>\n\u2022 Pedal Amptrol (K870)<br \/>\n\u2022 Cables de soldadura de diferentes longitudes<br \/>\n\u2022 Conectores de gas para TIG<br \/>\n\u2022 Regulador de gas con fluj\u00f3metro<\/p>\n<p>&nbsp;<\/p>\n<h4><strong>Accesorios Opcionales<\/strong><\/h4>\n<table width=\"245\">\n<tbody>\n<tr>\n<td width=\"245\">\u2022 Varillas de soldadura PE\/PP<br \/>\n\u2022 Zapatos de soldadura adicionales<br \/>\n\u2022 Accesorios de limpieza<br \/>\n\u2022 Kit de mantenimiento<br \/>\n\u2022 Capacitaci\u00f3n para operadores<\/td>\n<\/tr>\n<\/tbody>\n<\/table>\n<h4><\/h4>\n<p>&nbsp;<\/p>\n<h4><strong>Informaci\u00f3n de Renta<\/strong><\/h4>\n<p><strong>Lorem Ipsum<\/strong>\u00a0es simplemente el texto de relleno de las imprentas y archivos de texto. Lorem Ipsum ha sido el texto de relleno est\u00e1ndar de las industrias desde el a\u00f1o 1500, cuando un impresor (N. del T. persona que se dedica a la imprenta) desconocido us\u00f3 una galer\u00eda de textos y los mezcl\u00f3<\/p>\n","protected":false},"excerpt":{"rendered":"<p>La serie Invertec V160 de Lincoln Electric es una familia de soldadoras inverter compactas y port\u00e1tiles dise\u00f1adas para soldadura por electrodo revestido (MMA\/STICK) y soldadura TIG (GTAW). Disponible en versiones V160-S (b\u00e1sica), V160-T (con control TIG avanzado) y V160-TP (con funci\u00f3n de pulsos). Ideal para trabajos de mantenimiento, fabricaci\u00f3n y reparaci\u00f3n en taller y campo.<\/p>\n<p><strong>Caracter\u00edsticas Principales.<\/strong><br \/>\n\u2022 Tecnolog\u00eda inverter avanzada para soldadura de alta calidad<br \/>\n\u2022 Rango de corriente: 5-160A<br \/>\n\u2022 Modos de soldadura: Electrodo (SMAW) y TIG (GTAW)<br \/>\n\u2022 Funciones Hot Start, Fuerza de Arco y Anti-Sticking en modo electrodo<br \/>\n\u2022 Lift TIG y HF TIG (seg\u00fan modelo)<br \/>\n\u2022 Control digital de par\u00e1metros de soldadura<br \/>\n\u2022 Compacta y ligera: 10.5-11.0 kg<br \/>\n\u2022 Compatible con generadores (cumpliendo especificaciones)<br \/>\n\u2022 Protecci\u00f3n t\u00e9rmica integrada<br \/>\n\u2022 Versiones disponibles: 230V monof\u00e1sica o 115\/230V dual<\/p>\n<p>&nbsp;<\/p>\n<div style=\"display: flex; align-items: center; gap: 15px; margin-top: 20px;\"><img decoding=\"async\" style=\"width: 50px; height: auto;\" src=\"https:\/\/ipnsa.mx\/wp-content\/uploads\/2026\/01\/vecteezy_pdf-png-icon-red-and-white-color-for_23234827-scaled.png\" alt=\"PDF\" \/><a style=\"background-color: #e02b20; color: white; padding: 12px 20px; text-decoration: none; font-weight: bold; border-radius: 5px; display: flex; align-items: center; gap: 10px; font-family: sans-serif;\" href=\"https:\/\/ipnsa.mx\/wp-content\/uploads\/2026\/01\/11-LINCOLN-INVERTEC-V160-T.pdf\" target=\"_blank\" rel=\"noopener\"><br \/>\nVER FICHA T\u00c9CNICA<br \/>\n<span style=\"font-size: 20px;\">\u2601\ufe0f<\/span><br \/>\n<\/a><\/div>\n","protected":false},"featured_media":642,"comment_status":"open","ping_status":"closed","template":"","meta":{"_acf_changed":false,"_et_pb_use_builder":"","_et_pb_old_content":"","_et_gb_content_width":"","_links_to":"","_links_to_target":""},"product_brand":[],"product_cat":[25],"product_tag":[],"class_list":{"0":"post-632","1":"product","2":"type-product","3":"status-publish","4":"has-post-thumbnail","6":"product_cat-equipos-de-soldadura","8":"first","9":"instock","10":"shipping-taxable","11":"product-type-simple"},"acf":[],"_links":{"self":[{"href":"https:\/\/ipnsa.mx\/index.php?rest_route=\/wp\/v2\/product\/632","targetHints":{"allow":["GET"]}}],"collection":[{"href":"https:\/\/ipnsa.mx\/index.php?rest_route=\/wp\/v2\/product"}],"about":[{"href":"https:\/\/ipnsa.mx\/index.php?rest_route=\/wp\/v2\/types\/product"}],"replies":[{"embeddable":true,"href":"https:\/\/ipnsa.mx\/index.php?rest_route=%2Fwp%2Fv2%2Fcomments&post=632"}],"wp:featuredmedia":[{"embeddable":true,"href":"https:\/\/ipnsa.mx\/index.php?rest_route=\/wp\/v2\/media\/642"}],"wp:attachment":[{"href":"https:\/\/ipnsa.mx\/index.php?rest_route=%2Fwp%2Fv2%2Fmedia&parent=632"}],"wp:term":[{"taxonomy":"product_brand","embeddable":true,"href":"https:\/\/ipnsa.mx\/index.php?rest_route=%2Fwp%2Fv2%2Fproduct_brand&post=632"},{"taxonomy":"product_cat","embeddable":true,"href":"https:\/\/ipnsa.mx\/index.php?rest_route=%2Fwp%2Fv2%2Fproduct_cat&post=632"},{"taxonomy":"product_tag","embeddable":true,"href":"https:\/\/ipnsa.mx\/index.php?rest_route=%2Fwp%2Fv2%2Fproduct_tag&post=632"}],"curies":[{"name":"wp","href":"https:\/\/api.w.org\/{rel}","templated":true}]}}