{"id":630,"date":"2026-01-08T16:09:10","date_gmt":"2026-01-08T16:09:10","guid":{"rendered":"https:\/\/diseno.ipnsa.mx\/?post_type=product&#038;p=630"},"modified":"2026-01-09T19:57:04","modified_gmt":"2026-01-09T19:57:04","slug":"mcelroy-pitbull-14","status":"publish","type":"product","link":"https:\/\/ipnsa.mx\/?product=mcelroy-pitbull-14","title":{"rendered":"MCELROY PITBULL 14"},"content":{"rendered":"<table width=\"245\">\n<tbody>\n<tr>\n<td width=\"245\">\u2022 M\u00e1quina de fusi\u00f3n Pit Bull 14<br \/>\n\u2022 Refrentador (facer)<br \/>\n\u2022 Elemento calefactor (heater)<br \/>\n\u2022 Soporte aislado para calefactor\/refrentador<br \/>\n\u2022 Kit de tornillos y destornilladores<\/td>\n<\/tr>\n<\/tbody>\n<\/table>\n<h4><\/h4>\n<p>&nbsp;<\/p>\n<h4><strong>Accesorios Opcionales<\/strong><\/h4>\n<table width=\"245\">\n<tbody>\n<tr>\n<td width=\"245\">\u2022 Serie de reducciones para mordazas \u00d8 32 \u00f7 140 mm (1&#8243; \u00f7 2&#8243; CTS; 1&#8243; \u00f7 5&#8243; IPS; 3&#8243; \u00f7 4&#8243; DIPS)<br \/>\n\u2022 Mosas p\/tuberias<br \/>\n\u2022 Carro de transporte<\/td>\n<\/tr>\n<\/tbody>\n<\/table>\n<h4><\/h4>\n<p>&nbsp;<\/p>\n<h4><strong>Informaci\u00f3n de Renta<\/strong><\/h4>\n<p><strong>Lorem Ipsum<\/strong>\u00a0es simplemente el texto de relleno de las imprentas y archivos de texto. Lorem Ipsum ha sido el texto de relleno est\u00e1ndar de las industrias desde el a\u00f1o 1500, cuando un impresor (N. del T. persona que se dedica a la imprenta) desconocido us\u00f3 una galer\u00eda de textos y los mezcl\u00f3<\/p>\n","protected":false},"excerpt":{"rendered":"<p>El Pit Bull 14 es una m\u00e1quina de fusi\u00f3n compacta, ligera, altamente confiable y robusta. La m\u00e1quina fusiona tuber\u00edas de 1&#8243; IPS a 4&#8243; DIPS (32mm a 110mm). Incorpora el sistema patentado de Gu\u00eda de L\u00ednea Central de McElroy y est\u00e1 dise\u00f1ada para fusionar tees, codos y otros accesorios con resultados consistentes y de alta calidad.<\/p>\n<p><strong>Caracter\u00edsticas Principales.<\/strong><br \/>\n&#8220;\u2022 Capacidad de fusi\u00f3n: 1&#8243;&#8221; IPS a 4&#8243;&#8221; DIPS (32mm &#8211; 110mm)<br \/>\n\u2022 Sistema patentado de Gu\u00eda de L\u00ednea Central (Centerline Guidance System)<br \/>\n\u2022 Sistema de leva de bloqueo semi-autom\u00e1tico que mantiene la fuerza durante el ciclo de enfriamiento<br \/>\n\u2022 Mordazas reversibles, perillas de sujeci\u00f3n y refrentador<br \/>\n\u2022 Perillas de sujeci\u00f3n equipadas con rodamientos de empuje para minimizar el torque requerido<br \/>\n\u2022 Ventaja mec\u00e1nica de 15 a 1<br \/>\n\u2022 Construcci\u00f3n principalmente de aluminio endurecido superficialmente para ligereza y durabilidad<br \/>\n\u2022 Permite al operador fusionar desde cualquier lado de la m\u00e1quina&#8221;<\/p>\n<div style=\"display: flex; align-items: center; gap: 15px; margin-top: 20px;\"><img decoding=\"async\" style=\"width: 50px; height: auto;\" src=\"https:\/\/ipnsa.mx\/wp-content\/uploads\/2026\/01\/vecteezy_pdf-png-icon-red-and-white-color-for_23234827-scaled.png\" alt=\"PDF\" \/><a style=\"background-color: #e02b20; color: white; padding: 12px 20px; text-decoration: none; font-weight: bold; border-radius: 5px; display: flex; align-items: center; gap: 10px; font-family: sans-serif;\" href=\"https:\/\/ipnsa.mx\/wp-content\/uploads\/2026\/01\/10-MCELROY-PITBULL-14.pdf\" target=\"_blank\" rel=\"noopener\"><br \/>\nVER FICHA T\u00c9CNICA<br \/>\n<span style=\"font-size: 20px;\">\u2601\ufe0f<\/span><br \/>\n<\/a><\/div>\n","protected":false},"featured_media":694,"comment_status":"open","ping_status":"closed","template":"","meta":{"_acf_changed":false,"_et_pb_use_builder":"","_et_pb_old_content":"","_et_gb_content_width":"","_links_to":"","_links_to_target":""},"product_brand":[],"product_cat":[26],"product_tag":[],"class_list":{"0":"post-630","1":"product","2":"type-product","3":"status-publish","4":"has-post-thumbnail","6":"product_cat-termofusion-de-tuberias","8":"first","9":"instock","10":"shipping-taxable","11":"product-type-simple"},"acf":[],"_links":{"self":[{"href":"https:\/\/ipnsa.mx\/index.php?rest_route=\/wp\/v2\/product\/630","targetHints":{"allow":["GET"]}}],"collection":[{"href":"https:\/\/ipnsa.mx\/index.php?rest_route=\/wp\/v2\/product"}],"about":[{"href":"https:\/\/ipnsa.mx\/index.php?rest_route=\/wp\/v2\/types\/product"}],"replies":[{"embeddable":true,"href":"https:\/\/ipnsa.mx\/index.php?rest_route=%2Fwp%2Fv2%2Fcomments&post=630"}],"wp:featuredmedia":[{"embeddable":true,"href":"https:\/\/ipnsa.mx\/index.php?rest_route=\/wp\/v2\/media\/694"}],"wp:attachment":[{"href":"https:\/\/ipnsa.mx\/index.php?rest_route=%2Fwp%2Fv2%2Fmedia&parent=630"}],"wp:term":[{"taxonomy":"product_brand","embeddable":true,"href":"https:\/\/ipnsa.mx\/index.php?rest_route=%2Fwp%2Fv2%2Fproduct_brand&post=630"},{"taxonomy":"product_cat","embeddable":true,"href":"https:\/\/ipnsa.mx\/index.php?rest_route=%2Fwp%2Fv2%2Fproduct_cat&post=630"},{"taxonomy":"product_tag","embeddable":true,"href":"https:\/\/ipnsa.mx\/index.php?rest_route=%2Fwp%2Fv2%2Fproduct_tag&post=630"}],"curies":[{"name":"wp","href":"https:\/\/api.w.org\/{rel}","templated":true}]}}