{"id":628,"date":"2026-01-08T16:07:46","date_gmt":"2026-01-08T16:07:46","guid":{"rendered":"https:\/\/diseno.ipnsa.mx\/?post_type=product&#038;p=628"},"modified":"2026-01-09T20:59:40","modified_gmt":"2026-01-09T20:59:40","slug":"ritmo-delta-160m","status":"publish","type":"product","link":"https:\/\/ipnsa.mx\/?product=ritmo-delta-160m","title":{"rendered":"RITMO  DELTA 160M"},"content":{"rendered":"<p>&#8220;\u2022 M\u00e1quina base<br \/>\n\u2022 Elemento T\u00e9rmico (Plancha) con termorregulador electr\u00f3nico &#8220;&#8221;Digital Dragon&#8221;&#8221;<br \/>\n\u2022 Fresadora<br \/>\n\u2022 Soporte para Fresadora, Elemento T\u00e9rmico y bolsa protectora de la placa<br \/>\n\u2022 Revestimiento aislante para termoelemento&#8221;<\/p>\n<p>&nbsp;<\/p>\n<h4><strong>Accesorios Opcionales<\/strong><\/h4>\n<table width=\"245\">\n<tbody>\n<tr>\n<td width=\"245\">\u2022 Serie de reducciones para mordazas \u00d8 32 \u00f7 140 mm (1&#8243; \u00f7 2&#8243; CTS; 1&#8243; \u00f7 5&#8243; IPS; 3&#8243; \u00f7 4&#8243; DIPS)<br \/>\n\u2022 Mosas p\/tuberias<br \/>\n\u2022 Carro de transporte<\/td>\n<\/tr>\n<\/tbody>\n<\/table>\n<p>&nbsp;<\/p>\n<h4><strong>Informaci\u00f3n de Renta<\/strong><\/h4>\n<p><strong>Lorem Ipsum<\/strong>\u00a0es simplemente el texto de relleno de las imprentas y archivos de texto. Lorem Ipsum ha sido el texto de relleno est\u00e1ndar de las industrias desde el a\u00f1o 1500, cuando un impresor (N. del T. persona que se dedica a la imprenta) desconocido us\u00f3 una galer\u00eda de textos y los mezcl\u00f3<\/p>\n","protected":false},"excerpt":{"rendered":"<p>Soldadora manual a tope para tubos y\/o accesorios en HDPE y PP hasta \u00d8 160 mm (1&#8243; + 2&#8243; CTS; 1&#8243; + 5&#8243; IPS; 3&#8243; + 4&#8243; DIPS). Caracterizada por su bajo peso, dimensiones reducidas y versatilidad. Ideal para trabajos en campo y espacios reducidos.<\/p>\n<p><strong>Caracter\u00edsticas Principales.<\/strong><br \/>\n\u2022 Rango de trabajo: 32 \u00f7 160 mm (1&#8243;&#8221; CTS \u00f7 4&#8243;&#8221; DIPS)<br \/>\n\u2022 Sistema de mordaza-alineador de bloqueo patentado por Ritmo<br \/>\n\u2022 Fresadora el\u00e9ctrica extra\u00edble con micro-interruptor de seguridad<br \/>\n\u2022 Elemento t\u00e9rmico extra\u00edble con term\u00f3metro independiente<br \/>\n\u2022 Termorregulador electr\u00f3nico &#8220;&#8221;Digital Dragon&#8221;&#8221; con pantalla de visualizaci\u00f3n<br \/>\n\u2022 Cuerpo alineador con dos mordazas (una fija y una m\u00f3vil)<br \/>\n\u2022 Dispositivo de bloqueo para aplicar fuerza necesaria<br \/>\n\u2022 Bajo peso y dimensiones reducidas para f\u00e1cil transporte<br \/>\n\u2022 Versiones disponibles: 110 V y 230 V monof\u00e1sica 50\/60 Hz<\/p>\n<div style=\"display: flex; align-items: center; gap: 15px; margin-top: 20px;\"><img decoding=\"async\" style=\"width: 50px; height: auto;\" src=\"https:\/\/ipnsa.mx\/wp-content\/uploads\/2026\/01\/vecteezy_pdf-png-icon-red-and-white-color-for_23234827-scaled.png\" alt=\"PDF\" \/><a style=\"background-color: #e02b20; color: white; padding: 12px 20px; text-decoration: none; font-weight: bold; border-radius: 5px; display: flex; align-items: center; gap: 10px; font-family: sans-serif;\" href=\"https:\/\/ipnsa.mx\/wp-content\/uploads\/2026\/01\/09-RITMO-DELTA-160M.pdf\" target=\"_blank\" rel=\"noopener\"><br \/>\nVER FICHA T\u00c9CNICA<br \/>\n<span style=\"font-size: 20px;\">\u2601\ufe0f<\/span><br \/>\n<\/a><\/div>\n","protected":false},"featured_media":698,"comment_status":"open","ping_status":"closed","template":"","meta":{"_acf_changed":false,"_et_pb_use_builder":"","_et_pb_old_content":"","_et_gb_content_width":"","_links_to":"","_links_to_target":""},"product_brand":[],"product_cat":[26],"product_tag":[],"class_list":{"0":"post-628","1":"product","2":"type-product","3":"status-publish","4":"has-post-thumbnail","6":"product_cat-termofusion-de-tuberias","8":"first","9":"instock","10":"shipping-taxable","11":"product-type-simple"},"acf":[],"_links":{"self":[{"href":"https:\/\/ipnsa.mx\/index.php?rest_route=\/wp\/v2\/product\/628","targetHints":{"allow":["GET"]}}],"collection":[{"href":"https:\/\/ipnsa.mx\/index.php?rest_route=\/wp\/v2\/product"}],"about":[{"href":"https:\/\/ipnsa.mx\/index.php?rest_route=\/wp\/v2\/types\/product"}],"replies":[{"embeddable":true,"href":"https:\/\/ipnsa.mx\/index.php?rest_route=%2Fwp%2Fv2%2Fcomments&post=628"}],"wp:featuredmedia":[{"embeddable":true,"href":"https:\/\/ipnsa.mx\/index.php?rest_route=\/wp\/v2\/media\/698"}],"wp:attachment":[{"href":"https:\/\/ipnsa.mx\/index.php?rest_route=%2Fwp%2Fv2%2Fmedia&parent=628"}],"wp:term":[{"taxonomy":"product_brand","embeddable":true,"href":"https:\/\/ipnsa.mx\/index.php?rest_route=%2Fwp%2Fv2%2Fproduct_brand&post=628"},{"taxonomy":"product_cat","embeddable":true,"href":"https:\/\/ipnsa.mx\/index.php?rest_route=%2Fwp%2Fv2%2Fproduct_cat&post=628"},{"taxonomy":"product_tag","embeddable":true,"href":"https:\/\/ipnsa.mx\/index.php?rest_route=%2Fwp%2Fv2%2Fproduct_tag&post=628"}],"curies":[{"name":"wp","href":"https:\/\/api.w.org\/{rel}","templated":true}]}}