{"id":626,"date":"2026-01-08T16:06:24","date_gmt":"2026-01-08T16:06:24","guid":{"rendered":"https:\/\/diseno.ipnsa.mx\/?post_type=product&#038;p=626"},"modified":"2026-01-09T21:11:15","modified_gmt":"2026-01-09T21:11:15","slug":"polyweld-mini-z","status":"publish","type":"product","link":"https:\/\/ipnsa.mx\/?product=polyweld-mini-z","title":{"rendered":"POLYWELD MINI Z"},"content":{"rendered":"<table style=\"height: 262px; width: 536px;\" width=\"354\">\n<tbody>\n<tr>\n<td style=\"width: 526px;\">\u2022 Extrusora MINI Z<br \/>\n\u2022 Motor de accionamiento personalizado<br \/>\n\u2022 Caja de control con conectores militares<br \/>\n\u2022 Calentadores del extrusor (700W)<br \/>\n\u2022 Zapata de tefl\u00f3n<br \/>\n\u2022 Controlador de temperatura Omron<br \/>\n\u2022 Cable de alimentaci\u00f3n<br \/>\n\u2022 Manual de operaciones<br \/>\n\u2022 Garant\u00eda de 1 a\u00f1o<\/td>\n<\/tr>\n<\/tbody>\n<\/table>\n<p>&nbsp;<\/p>\n<h4><strong>Accesorios Opcionales<\/strong><\/h4>\n<table width=\"245\">\n<tbody>\n<tr>\n<td width=\"245\">\u2022 Precalentador de aire (Forsthoff, Leister, Steinel)<br \/>\n\u2022 Puntas de tefl\u00f3n adicionales<br \/>\n\u2022 Varillas de soldadura PE\/PP (4mm y 5mm)<br \/>\n\u2022 Kit de limpieza y mantenimiento<br \/>\n\u2022 Cable de extensi\u00f3n 12 AWG<br \/>\n\u2022 Estuche de transporte<\/td>\n<\/tr>\n<\/tbody>\n<\/table>\n<p>&nbsp;<\/p>\n<h4><strong>Informaci\u00f3n de Renta<\/strong><\/h4>\n<p><strong>Lorem Ipsum<\/strong>\u00a0es simplemente el texto de relleno de las imprentas y archivos de texto. Lorem Ipsum ha sido el texto de relleno est\u00e1ndar de las industrias desde el a\u00f1o 1500, cuando un impresor (N. del T. persona que se dedica a la imprenta) desconocido us\u00f3 una galer\u00eda de textos y los mezcl\u00f3<\/p>\n","protected":false},"excerpt":{"rendered":"<p>Extrusora de soldadura port\u00e1til y ligera dise\u00f1ada para aplicaciones profesionales de soldadura de pl\u00e1sticos. Con motor personalizado, armadura y campo garantizado, dise\u00f1o de barril ligero y tornillo, y conectores de est\u00e1ndar militar para la caja de control.<\/p>\n<p><strong>Caracter\u00edsticas Principales.<\/strong><br \/>\n\u2022 Motor personalizado con garant\u00eda<br \/>\n\u2022 Dise\u00f1o de barril ligero y tornillo<br \/>\n\u2022 Conectores de est\u00e1ndar militar<br \/>\n\u2022 Dise\u00f1o de alimentaci\u00f3n sin torsi\u00f3n<br \/>\n\u2022 Puntas de tefl\u00f3n premaquinadas<br \/>\n\u2022 Compatible con precalentadores Forsthoff, Leister, Steinel<br \/>\n\u2022 Peso ligero: 15 lbs (6.8 kg)<\/p>\n<div style=\"display: flex; align-items: center; gap: 15px; margin-top: 20px;\"><img decoding=\"async\" style=\"width: 50px; height: auto;\" src=\"https:\/\/ipnsa.mx\/wp-content\/uploads\/2026\/01\/vecteezy_pdf-png-icon-red-and-white-color-for_23234827-scaled.png\" alt=\"PDF\" \/><a style=\"background-color: #e02b20; color: white; padding: 12px 20px; text-decoration: none; font-weight: bold; border-radius: 5px; display: flex; align-items: center; gap: 10px; font-family: sans-serif;\" href=\"https:\/\/ipnsa.mx\/wp-content\/uploads\/2026\/01\/08-POLYWELD-MINI-Z.pdf\" target=\"_blank\" rel=\"noopener\"><br \/>\nVER FICHA T\u00c9CNICA<br \/>\n<span style=\"font-size: 20px;\">\u2601\ufe0f<\/span><br \/>\n<\/a><\/div>\n","protected":false},"featured_media":706,"comment_status":"open","ping_status":"closed","template":"","meta":{"_acf_changed":false,"_et_pb_use_builder":"","_et_pb_old_content":"","_et_gb_content_width":"","_links_to":"","_links_to_target":""},"product_brand":[],"product_cat":[26],"product_tag":[],"class_list":{"0":"post-626","1":"product","2":"type-product","3":"status-publish","4":"has-post-thumbnail","6":"product_cat-termofusion-de-tuberias","8":"first","9":"instock","10":"shipping-taxable","11":"product-type-simple"},"acf":[],"_links":{"self":[{"href":"https:\/\/ipnsa.mx\/index.php?rest_route=\/wp\/v2\/product\/626","targetHints":{"allow":["GET"]}}],"collection":[{"href":"https:\/\/ipnsa.mx\/index.php?rest_route=\/wp\/v2\/product"}],"about":[{"href":"https:\/\/ipnsa.mx\/index.php?rest_route=\/wp\/v2\/types\/product"}],"replies":[{"embeddable":true,"href":"https:\/\/ipnsa.mx\/index.php?rest_route=%2Fwp%2Fv2%2Fcomments&post=626"}],"wp:featuredmedia":[{"embeddable":true,"href":"https:\/\/ipnsa.mx\/index.php?rest_route=\/wp\/v2\/media\/706"}],"wp:attachment":[{"href":"https:\/\/ipnsa.mx\/index.php?rest_route=%2Fwp%2Fv2%2Fmedia&parent=626"}],"wp:term":[{"taxonomy":"product_brand","embeddable":true,"href":"https:\/\/ipnsa.mx\/index.php?rest_route=%2Fwp%2Fv2%2Fproduct_brand&post=626"},{"taxonomy":"product_cat","embeddable":true,"href":"https:\/\/ipnsa.mx\/index.php?rest_route=%2Fwp%2Fv2%2Fproduct_cat&post=626"},{"taxonomy":"product_tag","embeddable":true,"href":"https:\/\/ipnsa.mx\/index.php?rest_route=%2Fwp%2Fv2%2Fproduct_tag&post=626"}],"curies":[{"name":"wp","href":"https:\/\/api.w.org\/{rel}","templated":true}]}}