{"id":618,"date":"2026-01-08T15:58:17","date_gmt":"2026-01-08T15:58:17","guid":{"rendered":"https:\/\/diseno.ipnsa.mx\/?post_type=product&#038;p=618"},"modified":"2026-01-09T21:50:43","modified_gmt":"2026-01-09T21:50:43","slug":"widos-maxiplast","status":"publish","type":"product","link":"https:\/\/ipnsa.mx\/?product=widos-maxiplast","title":{"rendered":"WIDOS MAXIPLAST"},"content":{"rendered":"<p>\u2022 Herramientas de sujeci\u00f3n<br \/>\n\u2022 Refrentador<br \/>\n\u2022 Elemento calefactor<br \/>\n\u2022 Maleta de transporte<br \/>\n\u2022 Accesorios b\u00e1sicos<\/p>\n<p>&nbsp;<\/p>\n<h4><strong>Accesorios Opcionales<\/strong><\/h4>\n<table width=\"245\">\n<tbody>\n<tr>\n<td width=\"245\">\u2022 Mordazas adicionales<br \/>\n\u2022 Sistema de registro de datos<br \/>\n\u2022 Kit de mantenimiento<br \/>\n\u2022 Accesorios especiales<\/td>\n<\/tr>\n<\/tbody>\n<\/table>\n<p>&nbsp;<\/p>\n<h4><strong>Informaci\u00f3n de Renta<\/strong><\/h4>\n<p><strong>Lorem Ipsum<\/strong>\u00a0es simplemente el texto de relleno de las imprentas y archivos de texto. Lorem Ipsum ha sido el texto de relleno est\u00e1ndar de las industrias desde el a\u00f1o 1500, cuando un impresor (N. del T. persona que se dedica a la imprenta) desconocido us\u00f3 una galer\u00eda de textos y los mezcl\u00f3<\/p>\n","protected":false},"excerpt":{"rendered":"<p>M\u00e1quina de termofusi\u00f3n m\u00f3vil para tubos de gran di\u00e1metro. Dise\u00f1o robusto para trabajos pesados en campo con m\u00e1xima confiabilidad.<\/p>\n<p><strong>Caracter\u00edsticas Principales.<\/strong><br \/>\n\u2022 Para di\u00e1metros grandes<br \/>\n\u2022 Sistema m\u00f3vil completo<br \/>\n\u2022 Herramientas de sujeci\u00f3n robustas<br \/>\n\u2022 Refrentador de alta precisi\u00f3n<br \/>\n\u2022 Elemento calefactor profesional<\/p>\n<div style=\"display: flex; align-items: center; gap: 15px; margin-top: 20px;\"><img decoding=\"async\" style=\"width: 50px; height: auto;\" src=\"https:\/\/ipnsa.mx\/wp-content\/uploads\/2026\/01\/vecteezy_pdf-png-icon-red-and-white-color-for_23234827-scaled.png\" alt=\"PDF\" \/><a style=\"background-color: #e02b20; color: white; padding: 12px 20px; text-decoration: none; font-weight: bold; border-radius: 5px; display: flex; align-items: center; gap: 10px; font-family: sans-serif;\" href=\"https:\/\/ipnsa.mx\/wp-content\/uploads\/2026\/01\/04-WIDOS-MAXIPLAST.pdf\" target=\"_blank\" rel=\"noopener\"><br \/>\nVER FICHA T\u00c9CNICA<br \/>\n<span style=\"font-size: 20px;\">\u2601\ufe0f<\/span><br \/>\n<\/a><\/div>\n","protected":false},"featured_media":619,"comment_status":"open","ping_status":"closed","template":"","meta":{"_acf_changed":false,"_et_pb_use_builder":"","_et_pb_old_content":"","_et_gb_content_width":"","_links_to":"","_links_to_target":""},"product_brand":[],"product_cat":[26],"product_tag":[],"class_list":{"0":"post-618","1":"product","2":"type-product","3":"status-publish","4":"has-post-thumbnail","6":"product_cat-termofusion-de-tuberias","8":"first","9":"instock","10":"shipping-taxable","11":"product-type-simple"},"acf":[],"_links":{"self":[{"href":"https:\/\/ipnsa.mx\/index.php?rest_route=\/wp\/v2\/product\/618","targetHints":{"allow":["GET"]}}],"collection":[{"href":"https:\/\/ipnsa.mx\/index.php?rest_route=\/wp\/v2\/product"}],"about":[{"href":"https:\/\/ipnsa.mx\/index.php?rest_route=\/wp\/v2\/types\/product"}],"replies":[{"embeddable":true,"href":"https:\/\/ipnsa.mx\/index.php?rest_route=%2Fwp%2Fv2%2Fcomments&post=618"}],"wp:featuredmedia":[{"embeddable":true,"href":"https:\/\/ipnsa.mx\/index.php?rest_route=\/wp\/v2\/media\/619"}],"wp:attachment":[{"href":"https:\/\/ipnsa.mx\/index.php?rest_route=%2Fwp%2Fv2%2Fmedia&parent=618"}],"wp:term":[{"taxonomy":"product_brand","embeddable":true,"href":"https:\/\/ipnsa.mx\/index.php?rest_route=%2Fwp%2Fv2%2Fproduct_brand&post=618"},{"taxonomy":"product_cat","embeddable":true,"href":"https:\/\/ipnsa.mx\/index.php?rest_route=%2Fwp%2Fv2%2Fproduct_cat&post=618"},{"taxonomy":"product_tag","embeddable":true,"href":"https:\/\/ipnsa.mx\/index.php?rest_route=%2Fwp%2Fv2%2Fproduct_tag&post=618"}],"curies":[{"name":"wp","href":"https:\/\/api.w.org\/{rel}","templated":true}]}}