{"id":529,"date":"2026-01-06T17:25:59","date_gmt":"2026-01-06T17:25:59","guid":{"rendered":"https:\/\/diseno.ipnsa.mx\/?post_type=product&#038;p=529"},"modified":"2026-01-09T22:10:54","modified_gmt":"2026-01-09T22:10:54","slug":"leister-fusion-2","status":"publish","type":"product","link":"https:\/\/ipnsa.mx\/?product=leister-fusion-2","title":{"rendered":"LEISTER FUSION 2"},"content":{"rendered":"<p>\u2022 Extrusora FUSION 2<br \/>\n\u2022 Zapato de soldadura en blanco 45\u00d730\u00d754 IA<br \/>\n\u2022 Malet\u00edn de herramientas<br \/>\n\u2022 Cable de alimentaci\u00f3n (3-5 m)<br \/>\n\u2022 Manual de operaci\u00f3n<br \/>\n\u2022 Certificaciones CE, CB, KC<\/p>\n<h4><strong>Accesorios Opcionales<\/strong><\/h4>\n<table width=\"245\">\n<tbody>\n<tr>\n<td width=\"245\">\u2022 Varillas de soldadura PE\/PP<br \/>\n\u2022 Zapatos de soldadura adicionales<br \/>\n\u2022 Accesorios de limpieza<br \/>\n\u2022 Kit de mantenimiento<br \/>\n\u2022 Capacitaci\u00f3n para operadores<\/td>\n<\/tr>\n<\/tbody>\n<\/table>\n<p>&nbsp;<\/p>\n<h4><strong>Informaci\u00f3n de Renta<\/strong><\/h4>\n<p><strong>Lorem Ipsum<\/strong>\u00a0es simplemente el texto de relleno de las imprentas y archivos de texto. Lorem Ipsum ha sido el texto de relleno est\u00e1ndar de las industrias desde el a\u00f1o 1500, cuando un impresor (N. del T. persona que se dedica a la imprenta) desconocido us\u00f3 una galer\u00eda de textos y los mezcl\u00f3<\/p>\n","protected":false},"excerpt":{"rendered":"<p>La FUSION 2 es una extrusora de soldadura estable y optimizada que hace que la soldadura por extrusi\u00f3n sea especialmente f\u00e1cil. Ideal para soldadura de PE y PP en aplicaciones de geomembranas, revestimientos, tanques y estructuras termopl\u00e1sticas.<\/p>\n<p><strong>Caracter\u00edsticas Principales.<\/strong><br \/>\n\u2022 Alimentaci\u00f3n bilateral de varilla sin enredos<br \/>\n\u2022 Zapata de soldadura giratoria 360\u00b0<br \/>\n\u2022 Extrusora manual estable y ergon\u00f3mica<br \/>\n\u2022 Ligera (5.9 kg \/ 13 lb)<br \/>\n\u2022 Portatil (45 cm \/ 17.7 in)<br \/>\n\u2022 Protecci\u00f3n de arranque del motor<br \/>\n\u2022 F\u00e1cil de usar en obra<br \/>\n\u2022 Fabricada en Suiza con calidad Leister<\/p>\n<div style=\"display: flex; align-items: center; gap: 15px; margin-top: 20px;\"><img decoding=\"async\" style=\"width: 50px; height: auto;\" src=\"https:\/\/ipnsa.mx\/wp-content\/uploads\/2026\/01\/vecteezy_pdf-png-icon-red-and-white-color-for_23234827-scaled.png\" alt=\"PDF\" \/><a style=\"background-color: #e02b20; color: white; padding: 12px 20px; text-decoration: none; font-weight: bold; border-radius: 5px; display: flex; align-items: center; gap: 10px; font-family: sans-serif;\" href=\"https:\/\/ipnsa.mx\/wp-content\/uploads\/2026\/01\/01-LEISTER-FUSION-2.pdf\" target=\"_blank\" rel=\"noopener\"><br \/>\nVER FICHA T\u00c9CNICA<br \/>\n<span style=\"font-size: 20px;\">\u2601\ufe0f<\/span><br \/>\n<\/a><\/div>\n","protected":false},"featured_media":735,"comment_status":"open","ping_status":"closed","template":"","meta":{"_acf_changed":false,"_et_pb_use_builder":"","_et_pb_old_content":"","_et_gb_content_width":"","_links_to":"","_links_to_target":""},"product_brand":[],"product_cat":[24,26],"product_tag":[],"class_list":{"0":"post-529","1":"product","2":"type-product","3":"status-publish","4":"has-post-thumbnail","6":"product_cat-sin-categorizar","7":"product_cat-termofusion-de-tuberias","9":"first","10":"instock","11":"shipping-taxable","12":"product-type-simple"},"acf":[],"_links":{"self":[{"href":"https:\/\/ipnsa.mx\/index.php?rest_route=\/wp\/v2\/product\/529","targetHints":{"allow":["GET"]}}],"collection":[{"href":"https:\/\/ipnsa.mx\/index.php?rest_route=\/wp\/v2\/product"}],"about":[{"href":"https:\/\/ipnsa.mx\/index.php?rest_route=\/wp\/v2\/types\/product"}],"replies":[{"embeddable":true,"href":"https:\/\/ipnsa.mx\/index.php?rest_route=%2Fwp%2Fv2%2Fcomments&post=529"}],"wp:featuredmedia":[{"embeddable":true,"href":"https:\/\/ipnsa.mx\/index.php?rest_route=\/wp\/v2\/media\/735"}],"wp:attachment":[{"href":"https:\/\/ipnsa.mx\/index.php?rest_route=%2Fwp%2Fv2%2Fmedia&parent=529"}],"wp:term":[{"taxonomy":"product_brand","embeddable":true,"href":"https:\/\/ipnsa.mx\/index.php?rest_route=%2Fwp%2Fv2%2Fproduct_brand&post=529"},{"taxonomy":"product_cat","embeddable":true,"href":"https:\/\/ipnsa.mx\/index.php?rest_route=%2Fwp%2Fv2%2Fproduct_cat&post=529"},{"taxonomy":"product_tag","embeddable":true,"href":"https:\/\/ipnsa.mx\/index.php?rest_route=%2Fwp%2Fv2%2Fproduct_tag&post=529"}],"curies":[{"name":"wp","href":"https:\/\/api.w.org\/{rel}","templated":true}]}}