{"id":24,"date":"2025-11-07T23:40:06","date_gmt":"2025-11-07T23:40:06","guid":{"rendered":"https:\/\/diseno.ipnsa.mx\/?page_id=24"},"modified":"2025-12-10T20:16:49","modified_gmt":"2025-12-10T20:16:49","slug":"clientes-y-proyectos","status":"publish","type":"page","link":"https:\/\/ipnsa.mx\/?page_id=24","title":{"rendered":"Clientes y Proyectos"},"content":{"rendered":"<p>[et_pb_section fb_built=&#8221;1&#8243; admin_label=&#8221;Get in Touch&#8221; _builder_version=&#8221;4.16&#8243; custom_padding=&#8221;53px|0px|54px|0px|false|false&#8221; global_colors_info=&#8221;{}&#8221;][et_pb_row column_structure=&#8221;2_3,1_3&#8243; _builder_version=&#8221;4.16&#8243; custom_margin=&#8221;|||&#8221; custom_padding=&#8221;|||&#8221; global_colors_info=&#8221;{}&#8221;][et_pb_column type=&#8221;2_3&#8243; _builder_version=&#8221;4.16&#8243; custom_padding=&#8221;|||&#8221; global_colors_info=&#8221;{}&#8221; custom_padding__hover=&#8221;|||&#8221;][et_pb_text _builder_version=&#8221;4.27.4&#8243; text_font=&#8221;||||||||&#8221; text_text_color=&#8221;#000000&#8243; text_font_size=&#8221;16px&#8221; text_line_height=&#8221;1.8em&#8221; header_font=&#8221;Libre Franklin|600|||||||&#8221; header_font_size=&#8221;60px&#8221; header_line_height=&#8221;1.4em&#8221; max_width=&#8221;600px&#8221; header_font_size_tablet=&#8221;&#8221; header_font_size_phone=&#8221;32px&#8221; header_font_size_last_edited=&#8221;on|phone&#8221; global_colors_info=&#8221;{}&#8221;]<\/p>\n<h1>Nuestros Clientes<\/h1>\n<p style=\"text-align: justify;\">En IPNSA atendemos a una amplia variedad de clientes del sector privado, incluyendo constructoras, empresas industriales, administradores de proyectos y contratistas especializados.<br \/>Nos adaptamos a las necesidades de cada proyecto, brindando soluciones confiables, soporte t\u00e9cnico y cumplimiento normativo.<\/p>\n<p>[\/et_pb_text][\/et_pb_column][et_pb_column type=&#8221;1_3&#8243; _builder_version=&#8221;4.16&#8243; custom_padding=&#8221;|||&#8221; global_colors_info=&#8221;{}&#8221; custom_padding__hover=&#8221;|||&#8221;][et_pb_button button_url=&#8221;@ET-DC@eyJkeW5hbWljIjp0cnVlLCJjb250ZW50IjoicG9zdF9saW5rX3VybF9wYWdlIiwic2V0dGluZ3MiOnsicG9zdF9pZCI6IjE1In19@&#8221; button_text=&#8221;nuestros servicios&#8221; button_alignment=&#8221;right&#8221; _builder_version=&#8221;4.27.4&#8243; _dynamic_attributes=&#8221;button_url&#8221; custom_button=&#8221;on&#8221; button_text_size=&#8221;14px&#8221; button_bg_color=&#8221;#E09900&#8243; button_border_width=&#8221;0px&#8221; button_border_color=&#8221;#004ffe&#8221; button_border_radius=&#8221;0px&#8221; button_letter_spacing=&#8221;3px&#8221; button_font=&#8221;Libre Franklin|700||on|||||&#8221; button_icon=&#8221;&#x24;||divi||400&#8243; button_on_hover=&#8221;off&#8221; background_layout=&#8221;dark&#8221; custom_padding=&#8221;30px|70px|30px|70px|true|true&#8221; animation_style=&#8221;fold&#8221; animation_direction=&#8221;right&#8221; box_shadow_style=&#8221;preset4&#8243; box_shadow_horizontal=&#8221;-30px&#8221; box_shadow_vertical=&#8221;-30px&#8221; box_shadow_spread=&#8221;-10px&#8221; box_shadow_color=&#8221;rgba(224,153,0,0.45)&#8221; locked=&#8221;off&#8221; global_colors_info=&#8221;{}&#8221; button_text_size__hover_enabled=&#8221;off&#8221; button_one_text_size__hover_enabled=&#8221;off&#8221; button_two_text_size__hover_enabled=&#8221;off&#8221; button_text_color__hover_enabled=&#8221;off&#8221; button_one_text_color__hover_enabled=&#8221;off&#8221; button_two_text_color__hover_enabled=&#8221;off&#8221; button_border_width__hover_enabled=&#8221;off&#8221; button_one_border_width__hover_enabled=&#8221;off&#8221; button_two_border_width__hover_enabled=&#8221;off&#8221; button_border_color__hover_enabled=&#8221;off&#8221; button_one_border_color__hover_enabled=&#8221;off&#8221; button_two_border_color__hover_enabled=&#8221;off&#8221; button_border_radius__hover_enabled=&#8221;off&#8221; button_one_border_radius__hover_enabled=&#8221;off&#8221; button_two_border_radius__hover_enabled=&#8221;off&#8221; button_letter_spacing__hover_enabled=&#8221;off&#8221; button_one_letter_spacing__hover_enabled=&#8221;off&#8221; button_two_letter_spacing__hover_enabled=&#8221;off&#8221; button_bg_color__hover_enabled=&#8221;off&#8221; button_one_bg_color__hover_enabled=&#8221;off&#8221; button_two_bg_color__hover_enabled=&#8221;off&#8221;][\/et_pb_button][\/et_pb_column][\/et_pb_row][et_pb_row column_structure=&#8221;1_5,1_5,1_5,1_5,1_5&#8243; _builder_version=&#8221;4.27.4&#8243; _module_preset=&#8221;default&#8221; max_width=&#8221;70%&#8221; global_colors_info=&#8221;{}&#8221;][et_pb_column type=&#8221;1_5&#8243; _builder_version=&#8221;4.27.4&#8243; _module_preset=&#8221;default&#8221; global_colors_info=&#8221;{}&#8221;][et_pb_image src=&#8221;https:\/\/ipnsa.mx\/wp-content\/uploads\/2025\/11\/villacero-logo-png_seeklogo-274606.png&#8221; title_text=&#8221;villacero-logo-png_seeklogo-274606&#8243; align=&#8221;center&#8221; _builder_version=&#8221;4.27.4&#8243; _module_preset=&#8221;default&#8221; global_colors_info=&#8221;{}&#8221;][\/et_pb_image][\/et_pb_column][et_pb_column type=&#8221;1_5&#8243; _builder_version=&#8221;4.27.4&#8243; _module_preset=&#8221;default&#8221; global_colors_info=&#8221;{}&#8221;][et_pb_image src=&#8221;https:\/\/ipnsa.mx\/wp-content\/uploads\/2025\/11\/ternium-logo-png_seeklogo-137631.png&#8221; title_text=&#8221;ternium-logo-png_seeklogo-137631&#8243; _builder_version=&#8221;4.27.4&#8243; _module_preset=&#8221;default&#8221; global_colors_info=&#8221;{}&#8221;][\/et_pb_image][\/et_pb_column][et_pb_column type=&#8221;1_5&#8243; _builder_version=&#8221;4.27.4&#8243; _module_preset=&#8221;default&#8221; global_colors_info=&#8221;{}&#8221;][et_pb_image src=&#8221;https:\/\/ipnsa.mx\/wp-content\/uploads\/2025\/11\/dupont-logo-png_seeklogo-257412.png&#8221; title_text=&#8221;dupont-logo-png_seeklogo-257412&#8243; _builder_version=&#8221;4.27.4&#8243; _module_preset=&#8221;default&#8221; global_colors_info=&#8221;{}&#8221;][\/et_pb_image][\/et_pb_column][et_pb_column type=&#8221;1_5&#8243; _builder_version=&#8221;4.27.4&#8243; _module_preset=&#8221;default&#8221; global_colors_info=&#8221;{}&#8221;][et_pb_image src=&#8221;https:\/\/ipnsa.mx\/wp-content\/uploads\/2025\/11\/cydsa-logo-png_seeklogo-213006.png&#8221; title_text=&#8221;cydsa-logo-png_seeklogo-213006&#8243; _builder_version=&#8221;4.27.4&#8243; _module_preset=&#8221;default&#8221; global_colors_info=&#8221;{}&#8221;][\/et_pb_image][\/et_pb_column][et_pb_column type=&#8221;1_5&#8243; _builder_version=&#8221;4.27.4&#8243; _module_preset=&#8221;default&#8221; global_colors_info=&#8221;{}&#8221;][et_pb_image src=&#8221;https:\/\/ipnsa.mx\/wp-content\/uploads\/2025\/11\/alen-logo-png_seeklogo-257412.png&#8221; title_text=&#8221;alen-logo-png_seeklogo-257412&#8243; _builder_version=&#8221;4.27.4&#8243; _module_preset=&#8221;default&#8221; global_colors_info=&#8221;{}&#8221;][\/et_pb_image][\/et_pb_column][\/et_pb_row][et_pb_row column_structure=&#8221;1_2,1_2&#8243; _builder_version=&#8221;4.16&#8243; custom_margin=&#8221;60px|auto||auto||&#8221; locked=&#8221;off&#8221; global_colors_info=&#8221;{}&#8221;][et_pb_column type=&#8221;1_2&#8243; _builder_version=&#8221;4.16&#8243; custom_padding=&#8221;||40px|&#8221; global_colors_info=&#8221;{}&#8221; custom_padding__hover=&#8221;|||&#8221;][et_pb_image src=&#8221;https:\/\/ipnsa.mx\/wp-content\/uploads\/2025\/11\/electrician_04.png&#8221; _builder_version=&#8221;4.16&#8243; custom_margin=&#8221;||4px|&#8221; animation_style=&#8221;fold&#8221; animation_direction=&#8221;top&#8221; always_center_on_mobile=&#8221;off&#8221; locked=&#8221;off&#8221; global_colors_info=&#8221;{}&#8221;][\/et_pb_image][et_pb_text _builder_version=&#8221;4.16&#8243; text_font=&#8221;||||||||&#8221; header_font=&#8221;||||||||&#8221; header_6_font=&#8221;Libre Franklin|600|||||||&#8221; header_6_text_color=&#8221;#ffb400&#8243; header_6_font_size=&#8221;18px&#8221; header_6_line_height=&#8221;1.8em&#8221; custom_margin=&#8221;|||&#8221; border_color_all=&#8221;#ffb400&#8243; border_width_bottom=&#8221;2px&#8221; locked=&#8221;off&#8221; global_colors_info=&#8221;{}&#8221;]<\/p>\n<h6><strong>Proyectos que Hablan por Nosotros<\/strong><\/h6>\n<p>[\/et_pb_text][et_pb_text _builder_version=&#8221;4.27.4&#8243; text_font=&#8221;||||||||&#8221; text_text_color=&#8221;#000000&#8243; text_font_size=&#8221;16px&#8221; text_line_height=&#8221;1.8em&#8221; header_font=&#8221;||||||||&#8221; header_2_font=&#8221;Libre Franklin|300|||||||&#8221; header_2_font_size=&#8221;42px&#8221; header_2_line_height=&#8221;1.4em&#8221; locked=&#8221;off&#8221; global_colors_info=&#8221;{}&#8221;]<\/p>\n<h2><strong>Nuestra experiencia en campo habla por s\u00ed sola.<\/strong><\/h2>\n<p style=\"text-align: justify;\">Explora nuestra trayectoria a trav\u00e9s de estos proyectos destacados. Cada imagen es testimonio de nuestro rigor en calidad, seguridad y excelencia operativa, demostrando el est\u00e1ndar que aplicamos en cada desaf\u00edo.<\/p>\n<p>[\/et_pb_text][dipi_button_grid _builder_version=&#8221;4.27.4&#8243; _module_preset=&#8221;default&#8221; custom_padding=&#8221;||||false|false&#8221; animation_style=&#8221;fade&#8221; hover_enabled=&#8221;0&#8243; global_colors_info=&#8221;{}&#8221; transform_styles__hover_enabled=&#8221;on|hover&#8221; transform_scale__hover_enabled=&#8221;on|hover&#8221; transform_translate__hover_enabled=&#8221;on|desktop&#8221; transform_rotate__hover_enabled=&#8221;on|desktop&#8221; transform_skew__hover_enabled=&#8221;on|desktop&#8221; transform_origin__hover_enabled=&#8221;on|desktop&#8221; transform_scale__hover=&#8221;106%|106%&#8221; module_alignment_last_edited=&#8221;on|desktop&#8221; module_alignment=&#8221;center&#8221; sticky_enabled=&#8221;0&#8243; module_alignment_tablet=&#8221;center&#8221; module_alignment_phone=&#8221;center&#8221;][dipi_button_grid_child button_id=&#8221;PRESENTACI\u00d3N&#8221; button_type=&#8221;dp_button&#8221; button_text=&#8221;DESCARGAR PRESENTACI\u00d3N CORPORATIVA&#8221; button_link=&#8221;https:\/\/ipnsa.mx\/wp-content\/uploads\/2025\/12\/CLIENTES-Y-PROYECTOS-2025.pdf&#8221; button_link_target=&#8221;on&#8221; _builder_version=&#8221;4.27.4&#8243; _module_preset=&#8221;default&#8221; custom_button=&#8221;on&#8221; button_text_size=&#8221;14px&#8221; button_text_color=&#8221;#000000&#8243; button_bg_color=&#8221;#E09900&#8243; button_border_width=&#8221;0px&#8221; button_border_radius=&#8221;4px&#8221; button_font=&#8221;Libre Franklin|500|||||||&#8221; button_use_icon=&#8221;on&#8221; button_icon=&#8221;&#xe092;||divi||400&#8243; button_icon_placement=&#8221;left&#8221; button_on_hover=&#8221;off&#8221; custom_margin=&#8221;|||0px|false|false&#8221; custom_padding=&#8221;||||false|true&#8221; box_shadow_style_button=&#8221;preset4&#8243; box_shadow_color_button=&#8221;#000000&#8243; global_colors_info=&#8221;{}&#8221;][\/dipi_button_grid_child][\/dipi_button_grid][\/et_pb_column][et_pb_column type=&#8221;1_2&#8243; _builder_version=&#8221;4.16&#8243; custom_padding=&#8221;|||&#8221; global_colors_info=&#8221;{}&#8221; custom_padding__hover=&#8221;|||&#8221;][dipi_image_gallery thumbs_alignment=&#8221;vertical&#8221; thumbs_count=&#8221;3&#8243; main_autoplay=&#8221;on&#8221; autoplay_delay=&#8221;4000&#8243; _builder_version=&#8221;4.27.4&#8243; _module_preset=&#8221;default&#8221; global_colors_info=&#8221;{}&#8221;][dipi_image_gallery_child item_image=&#8221;https:\/\/ipnsa.mx\/wp-content\/uploads\/2025\/12\/VILLACERO.jpg&#8221; _builder_version=&#8221;4.27.4&#8243; _module_preset=&#8221;default&#8221; global_colors_info=&#8221;{}&#8221;][\/dipi_image_gallery_child][dipi_image_gallery_child item_image=&#8221;https:\/\/ipnsa.mx\/wp-content\/uploads\/2025\/12\/TERNIUM.jpg&#8221; _builder_version=&#8221;4.27.4&#8243; _module_preset=&#8221;default&#8221; global_colors_info=&#8221;{}&#8221;][\/dipi_image_gallery_child][dipi_image_gallery_child item_image=&#8221;https:\/\/ipnsa.mx\/wp-content\/uploads\/2025\/12\/CYDSA-IQUISA.jpg&#8221; _builder_version=&#8221;4.27.4&#8243; _module_preset=&#8221;default&#8221; global_colors_info=&#8221;{}&#8221;][\/dipi_image_gallery_child][dipi_image_gallery_child item_image=&#8221;https:\/\/ipnsa.mx\/wp-content\/uploads\/2025\/12\/CERVECERIA.jpg&#8221; _builder_version=&#8221;4.27.4&#8243; _module_preset=&#8221;default&#8221; global_colors_info=&#8221;{}&#8221;][\/dipi_image_gallery_child][dipi_image_gallery_child item_image=&#8221;https:\/\/ipnsa.mx\/wp-content\/uploads\/2025\/12\/ALEN.jpg&#8221; _builder_version=&#8221;4.27.4&#8243; _module_preset=&#8221;default&#8221; global_colors_info=&#8221;{}&#8221;][\/dipi_image_gallery_child][dipi_image_gallery_child item_image=&#8221;https:\/\/ipnsa.mx\/wp-content\/uploads\/2025\/12\/DUPONT.jpg&#8221; _builder_version=&#8221;4.27.4&#8243; _module_preset=&#8221;default&#8221; global_colors_info=&#8221;{}&#8221;][\/dipi_image_gallery_child][\/dipi_image_gallery][\/et_pb_column][\/et_pb_row][\/et_pb_section]<\/p>\n","protected":false},"excerpt":{"rendered":"<p>Nuestros Clientes En IPNSA atendemos a una amplia variedad de clientes del sector privado, incluyendo constructoras, empresas industriales, administradores de proyectos y contratistas especializados.Nos adaptamos a las necesidades de cada proyecto, brindando soluciones confiables, soporte t\u00e9cnico y cumplimiento normativo.Proyectos que Hablan por NosotrosNuestra experiencia en campo habla por s\u00ed sola. Explora nuestra trayectoria a trav\u00e9s [&hellip;]<\/p>\n","protected":false},"author":1,"featured_media":0,"parent":0,"menu_order":0,"comment_status":"closed","ping_status":"closed","template":"","meta":{"_acf_changed":false,"_et_pb_use_builder":"on","_et_pb_old_content":"<!-- wp:divi\/placeholder \/-->","_et_gb_content_width":"","footnotes":"","_links_to":"","_links_to_target":""},"dipi_cpt_category":[],"class_list":["post-24","page","type-page","status-publish","hentry"],"acf":[],"_links":{"self":[{"href":"https:\/\/ipnsa.mx\/index.php?rest_route=\/wp\/v2\/pages\/24","targetHints":{"allow":["GET"]}}],"collection":[{"href":"https:\/\/ipnsa.mx\/index.php?rest_route=\/wp\/v2\/pages"}],"about":[{"href":"https:\/\/ipnsa.mx\/index.php?rest_route=\/wp\/v2\/types\/page"}],"author":[{"embeddable":true,"href":"https:\/\/ipnsa.mx\/index.php?rest_route=\/wp\/v2\/users\/1"}],"replies":[{"embeddable":true,"href":"https:\/\/ipnsa.mx\/index.php?rest_route=%2Fwp%2Fv2%2Fcomments&post=24"}],"version-history":[{"count":15,"href":"https:\/\/ipnsa.mx\/index.php?rest_route=\/wp\/v2\/pages\/24\/revisions"}],"predecessor-version":[{"id":402,"href":"https:\/\/ipnsa.mx\/index.php?rest_route=\/wp\/v2\/pages\/24\/revisions\/402"}],"wp:attachment":[{"href":"https:\/\/ipnsa.mx\/index.php?rest_route=%2Fwp%2Fv2%2Fmedia&parent=24"}],"wp:term":[{"taxonomy":"dipi_cpt_category","embeddable":true,"href":"https:\/\/ipnsa.mx\/index.php?rest_route=%2Fwp%2Fv2%2Fdipi_cpt_category&post=24"}],"curies":[{"name":"wp","href":"https:\/\/api.w.org\/{rel}","templated":true}]}}