{"id":18,"date":"2025-11-07T23:39:12","date_gmt":"2025-11-07T23:39:12","guid":{"rendered":"https:\/\/diseno.ipnsa.mx\/?page_id=18"},"modified":"2026-01-07T18:55:51","modified_gmt":"2026-01-07T18:55:51","slug":"renta-de-equipos-y-herramientas","status":"publish","type":"page","link":"https:\/\/ipnsa.mx\/?page_id=18","title":{"rendered":"Renta de Equipos y Herramientas"},"content":{"rendered":"<p>[et_pb_section fb_built=&#8221;1&#8243; admin_label=&#8221;Get in Touch&#8221; _builder_version=&#8221;4.27.4&#8243; background_enable_mask_style=&#8221;on&#8221; background_mask_style=&#8221;corner-square&#8221; background_mask_color=&#8221;rgba(0,0,0,0.05)&#8221; custom_padding=&#8221;53px|0px|4px|0px|false|false&#8221; global_colors_info=&#8221;{}&#8221;][et_pb_row column_structure=&#8221;2_3,1_3&#8243; _builder_version=&#8221;4.16&#8243; custom_margin=&#8221;|||&#8221; custom_padding=&#8221;|||&#8221; global_colors_info=&#8221;{}&#8221;][et_pb_column type=&#8221;2_3&#8243; _builder_version=&#8221;4.16&#8243; custom_padding=&#8221;|||&#8221; global_colors_info=&#8221;{}&#8221; custom_padding__hover=&#8221;|||&#8221;][et_pb_text _builder_version=&#8221;4.27.4&#8243; text_font=&#8221;Libre Franklin||||||||&#8221; text_text_color=&#8221;#000000&#8243; text_font_size=&#8221;16px&#8221; text_line_height=&#8221;1.8em&#8221; header_font=&#8221;Libre Franklin|600|||||||&#8221; header_font_size=&#8221;42px&#8221; header_line_height=&#8221;1.4em&#8221; max_width=&#8221;600px&#8221; custom_padding=&#8221;3px|||||&#8221; header_font_size_tablet=&#8221;&#8221; header_font_size_phone=&#8221;32px&#8221; header_font_size_last_edited=&#8221;on|phone&#8221; global_colors_info=&#8221;{}&#8221;]<\/p>\n<h1><strong>Maquinaria lista para trabajar, sin complicaciones ni demoras<\/strong><\/h1>\n<p style=\"text-align: justify;\">\n<p style=\"text-align: justify;\">Ponemos a tu disposici\u00f3n un amplio inventario de equipos disponibles para renta en todo el estado de Nuevo Le\u00f3n. Todos nuestros equipos est\u00e1n calibrados y en \u00f3ptimas condiciones para maximizar tu productividad.<\/p>\n<p style=\"text-align: justify;\">Nuestro compromiso es claro: darte soluciones confiables, soporte inmediato y asesor\u00eda experta en cada etapa. Estamos listos para llevar tu proyecto al siguiente nivel<strong>. <\/strong><\/p>\n<ul><\/ul>\n<p>[\/et_pb_text][\/et_pb_column][et_pb_column type=&#8221;1_3&#8243; _builder_version=&#8221;4.16&#8243; custom_padding=&#8221;|||&#8221; global_colors_info=&#8221;{}&#8221; custom_padding__hover=&#8221;|||&#8221;][et_pb_image src=&#8221;https:\/\/ipnsa.mx\/wp-content\/uploads\/2025\/11\/pexels-bulat369-1243575272-34734503-scaled.jpg&#8221; title_text=&#8221;pexels-bulat369-1243575272-34734503&#8243; align=&#8221;center&#8221; _builder_version=&#8221;4.27.4&#8243; _module_preset=&#8221;default&#8221; width=&#8221;90%&#8221; custom_margin=&#8221;||||false|true&#8221; custom_padding=&#8221;||||false|true&#8221; border_radii=&#8221;on|8px|8px|8px|8px&#8221; box_shadow_style=&#8221;preset4&#8243; box_shadow_color=&#8221;#E09900&#8243; global_colors_info=&#8221;{}&#8221;][\/et_pb_image][\/et_pb_column][\/et_pb_row][\/et_pb_section][et_pb_section fb_built=&#8221;1&#8243; admin_label=&#8221;Services&#8221; _builder_version=&#8221;4.27.4&#8243; background_enable_color=&#8221;off&#8221; background_enable_mask_style=&#8221;on&#8221; background_mask_style=&#8221;blades&#8221; background_mask_color=&#8221;rgba(0,0,0,0.04)&#8221; custom_padding=&#8221;5px|0px|0|0px|false|false&#8221; global_colors_info=&#8221;{}&#8221;][et_pb_row _builder_version=&#8221;4.27.4&#8243; _module_preset=&#8221;default&#8221; global_colors_info=&#8221;{}&#8221;][et_pb_column type=&#8221;4_4&#8243; _builder_version=&#8221;4.27.4&#8243; _module_preset=&#8221;default&#8221; global_colors_info=&#8221;{}&#8221;][et_pb_text _builder_version=&#8221;4.27.4&#8243; text_font=&#8221;||||||||&#8221; text_text_color=&#8221;#FFFFFF&#8221; header_font=&#8221;||||||||&#8221; header_2_font=&#8221;Libre Franklin|300|||||||&#8221; header_2_text_align=&#8221;center&#8221; header_2_text_color=&#8221;#E02B20&#8243; header_2_font_size=&#8221;48px&#8221; header_2_line_height=&#8221;1.4em&#8221; header_2_font_size_tablet=&#8221;42px&#8221; header_2_font_size_phone=&#8221;32px&#8221; header_2_font_size_last_edited=&#8221;on|phone&#8221; locked=&#8221;off&#8221; global_colors_info=&#8221;{}&#8221;]<\/p>\n<h2 class=\"text-3xl font-bold text-slate-900 mb-4\">Renta de<\/h2>\n<h2 class=\"text-3xl font-bold text-slate-900 mb-4\"><strong>Maquinaria y Herramienta<\/strong><\/h2>\n<p>[\/et_pb_text][\/et_pb_column][\/et_pb_row][et_pb_row column_structure=&#8221;1_3,1_3,1_3&#8243; make_equal=&#8221;on&#8221; _builder_version=&#8221;4.27.4&#8243; _module_preset=&#8221;default&#8221; global_colors_info=&#8221;{}&#8221;][et_pb_column type=&#8221;1_3&#8243; _builder_version=&#8221;4.27.4&#8243; _module_preset=&#8221;default&#8221; custom_padding=&#8221;20px|20px|20px|20px|false|false&#8221; border_radii=&#8221;on|10px|10px|10px|10px&#8221; box_shadow_style=&#8221;preset2&#8243; global_colors_info=&#8221;{}&#8221;][et_pb_blurb title=&#8221;Equipos de Soldadura&#8221; image=&#8221;https:\/\/ipnsa.mx\/wp-content\/uploads\/2025\/11\/soldadura.png&#8221; _builder_version=&#8221;4.27.4&#8243; _module_preset=&#8221;default&#8221; header_font=&#8221;Libre Franklin|600|||||||&#8221; header_text_align=&#8221;left&#8221; header_font_size=&#8221;17px&#8221; background_enable_color=&#8221;off&#8221; custom_margin=&#8221;||0px||false|false&#8221; border_radii=&#8221;on|3px|3px|3px|3px&#8221; global_colors_info=&#8221;{}&#8221;][\/et_pb_blurb][et_pb_button button_url=&#8221;https:\/\/ipnsa.mx\/?product_cat=equipos-de-soldadura&#8221; button_text=&#8221;Ver productos&#8221; button_alignment=&#8221;left&#8221; _builder_version=&#8221;4.27.4&#8243; _module_preset=&#8221;default&#8221; custom_button=&#8221;on&#8221; button_text_size=&#8221;14px&#8221; filter_saturate=&#8221;0%&#8221; filter_brightness=&#8221;0%&#8221; filter_contrast=&#8221;200%&#8221; locked=&#8221;off&#8221; global_colors_info=&#8221;{}&#8221;][\/et_pb_button][\/et_pb_column][et_pb_column type=&#8221;1_3&#8243; _builder_version=&#8221;4.27.4&#8243; _module_preset=&#8221;default&#8221; custom_padding=&#8221;20px|20px|20px|20px|false|false&#8221; border_radii=&#8221;on|10px|10px|10px|10px&#8221; box_shadow_style=&#8221;preset2&#8243; global_colors_info=&#8221;{}&#8221;][et_pb_blurb title=&#8221;Termofusi\u00f3n de Tuber\u00edas&#8221; image=&#8221;https:\/\/ipnsa.mx\/wp-content\/uploads\/2025\/11\/corte-y-gases.png&#8221; _builder_version=&#8221;4.27.4&#8243; _module_preset=&#8221;default&#8221; header_font=&#8221;Libre Franklin|600|||||||&#8221; header_text_align=&#8221;left&#8221; header_font_size=&#8221;17px&#8221; background_enable_color=&#8221;off&#8221; custom_margin=&#8221;||0px||false|false&#8221; border_radii=&#8221;on|3px|3px|3px|3px&#8221; global_colors_info=&#8221;{}&#8221;][\/et_pb_blurb][et_pb_button button_url=&#8221;https:\/\/ipnsa.mx\/?product_cat=termofusion-de-tuberias&#8221; button_text=&#8221;Ver productos&#8221; button_alignment=&#8221;left&#8221; _builder_version=&#8221;4.27.4&#8243; _module_preset=&#8221;default&#8221; custom_button=&#8221;on&#8221; button_text_size=&#8221;14px&#8221; filter_saturate=&#8221;0%&#8221; filter_brightness=&#8221;0%&#8221; filter_contrast=&#8221;200%&#8221; locked=&#8221;off&#8221; global_colors_info=&#8221;{}&#8221;][\/et_pb_button][\/et_pb_column][et_pb_column type=&#8221;1_3&#8243; _builder_version=&#8221;4.27.4&#8243; _module_preset=&#8221;default&#8221; custom_padding=&#8221;20px|20px|20px|20px|false|false&#8221; border_radii=&#8221;on|10px|10px|10px|10px&#8221; box_shadow_style=&#8221;preset2&#8243; global_colors_info=&#8221;{}&#8221;][et_pb_blurb title=&#8221;Corte y Gases&#8221; image=&#8221;https:\/\/ipnsa.mx\/wp-content\/uploads\/2025\/11\/cortes-y-gases.png&#8221; _builder_version=&#8221;4.27.4&#8243; _module_preset=&#8221;default&#8221; header_font=&#8221;Libre Franklin|600|||||||&#8221; header_text_align=&#8221;left&#8221; header_font_size=&#8221;17px&#8221; background_enable_color=&#8221;off&#8221; custom_margin=&#8221;||0px||false|false&#8221; border_radii=&#8221;on|3px|3px|3px|3px&#8221; global_colors_info=&#8221;{}&#8221;][\/et_pb_blurb][et_pb_button button_url=&#8221;https:\/\/ipnsa.mx\/?product_cat=corte-y-gases&#8221; button_text=&#8221;Ver productos&#8221; button_alignment=&#8221;left&#8221; _builder_version=&#8221;4.27.4&#8243; _module_preset=&#8221;default&#8221; custom_button=&#8221;on&#8221; button_text_size=&#8221;14px&#8221; filter_saturate=&#8221;0%&#8221; filter_brightness=&#8221;0%&#8221; filter_contrast=&#8221;200%&#8221; locked=&#8221;off&#8221; global_colors_info=&#8221;{}&#8221;][\/et_pb_button][\/et_pb_column][\/et_pb_row][et_pb_row column_structure=&#8221;1_3,1_3,1_3&#8243; make_equal=&#8221;on&#8221; _builder_version=&#8221;4.27.4&#8243; _module_preset=&#8221;default&#8221; global_colors_info=&#8221;{}&#8221;][et_pb_column type=&#8221;1_3&#8243; _builder_version=&#8221;4.27.4&#8243; _module_preset=&#8221;default&#8221; custom_padding=&#8221;20px|20px|20px|20px|false|false&#8221; border_radii=&#8221;on|10px|10px|10px|10px&#8221; box_shadow_style=&#8221;preset2&#8243; global_colors_info=&#8221;{}&#8221;][et_pb_blurb title=&#8221;Perforaci\u00f3n y Fijaci\u00f3n&#8221; image=&#8221;https:\/\/ipnsa.mx\/wp-content\/uploads\/2025\/11\/Perforaciones.png&#8221; _builder_version=&#8221;4.27.4&#8243; _module_preset=&#8221;default&#8221; header_font=&#8221;Libre Franklin|600|||||||&#8221; header_text_align=&#8221;left&#8221; header_font_size=&#8221;17px&#8221; background_enable_color=&#8221;off&#8221; custom_margin=&#8221;||0px||false|false&#8221; border_radii=&#8221;on|3px|3px|3px|3px&#8221; global_colors_info=&#8221;{}&#8221;][\/et_pb_blurb][et_pb_button button_url=&#8221;https:\/\/ipnsa.mx\/?product_cat=perforacion-y-fijacion&#8221; button_text=&#8221;Ver productos&#8221; button_alignment=&#8221;left&#8221; _builder_version=&#8221;4.27.4&#8243; _module_preset=&#8221;default&#8221; custom_button=&#8221;on&#8221; button_text_size=&#8221;14px&#8221; filter_saturate=&#8221;0%&#8221; filter_brightness=&#8221;0%&#8221; filter_contrast=&#8221;200%&#8221; locked=&#8221;off&#8221; global_colors_info=&#8221;{}&#8221;][\/et_pb_button][\/et_pb_column][et_pb_column type=&#8221;1_3&#8243; _builder_version=&#8221;4.27.4&#8243; _module_preset=&#8221;default&#8221; custom_padding=&#8221;20px|20px|20px|20px|false|false&#8221; border_radii=&#8221;on|10px|10px|10px|10px&#8221; box_shadow_style=&#8221;preset2&#8243; global_colors_info=&#8221;{}&#8221;][et_pb_blurb title=&#8221;Elevaci\u00f3n y Movimiento&#8221; image=&#8221;https:\/\/ipnsa.mx\/wp-content\/uploads\/2025\/11\/Elevacion-y-movimiento.png&#8221; _builder_version=&#8221;4.27.4&#8243; _module_preset=&#8221;default&#8221; header_font=&#8221;Libre Franklin|600|||||||&#8221; header_text_align=&#8221;left&#8221; header_font_size=&#8221;17px&#8221; background_enable_color=&#8221;off&#8221; custom_margin=&#8221;||0px||false|false&#8221; border_radii=&#8221;on|3px|3px|3px|3px&#8221; global_colors_info=&#8221;{}&#8221;][\/et_pb_blurb][et_pb_button button_url=&#8221;https:\/\/ipnsa.mx\/?product_cat=elevacion-y-movimiento&#8221; button_text=&#8221;Ver productos&#8221; button_alignment=&#8221;left&#8221; _builder_version=&#8221;4.27.4&#8243; _module_preset=&#8221;default&#8221; custom_button=&#8221;on&#8221; button_text_size=&#8221;14px&#8221; filter_saturate=&#8221;0%&#8221; filter_brightness=&#8221;0%&#8221; filter_contrast=&#8221;200%&#8221; locked=&#8221;off&#8221; global_colors_info=&#8221;{}&#8221;][\/et_pb_button][\/et_pb_column][et_pb_column type=&#8221;1_3&#8243; _builder_version=&#8221;4.27.4&#8243; _module_preset=&#8221;default&#8221; custom_padding=&#8221;20px|20px|20px|20px|false|false&#8221; border_radii=&#8221;on|10px|10px|10px|10px&#8221; box_shadow_style=&#8221;preset2&#8243; global_colors_info=&#8221;{}&#8221;][et_pb_blurb title=&#8221;Energ\u00eda El\u00e9ctrica y Aire&#8221; image=&#8221;https:\/\/ipnsa.mx\/wp-content\/uploads\/2025\/11\/electrica-y-aire.png&#8221; _builder_version=&#8221;4.27.4&#8243; _module_preset=&#8221;default&#8221; header_font=&#8221;Libre Franklin|600|||||||&#8221; header_text_align=&#8221;left&#8221; header_font_size=&#8221;17px&#8221; background_enable_color=&#8221;off&#8221; custom_margin=&#8221;||0px||false|false&#8221; border_radii=&#8221;on|3px|3px|3px|3px&#8221; global_colors_info=&#8221;{}&#8221;][\/et_pb_blurb][et_pb_button button_url=&#8221;https:\/\/ipnsa.mx\/?product_cat=energia-electrica-y-aire&#8221; button_text=&#8221;Ver productos&#8221; button_alignment=&#8221;left&#8221; _builder_version=&#8221;4.27.4&#8243; _module_preset=&#8221;default&#8221; custom_button=&#8221;on&#8221; button_text_size=&#8221;14px&#8221; filter_saturate=&#8221;0%&#8221; filter_brightness=&#8221;0%&#8221; filter_contrast=&#8221;200%&#8221; locked=&#8221;off&#8221; global_colors_info=&#8221;{}&#8221;][\/et_pb_button][\/et_pb_column][\/et_pb_row][et_pb_row column_structure=&#8221;1_3,1_3,1_3&#8243; make_equal=&#8221;on&#8221; _builder_version=&#8221;4.27.4&#8243; _module_preset=&#8221;default&#8221; global_colors_info=&#8221;{}&#8221;][et_pb_column type=&#8221;1_3&#8243; _builder_version=&#8221;4.27.4&#8243; _module_preset=&#8221;default&#8221; custom_padding=&#8221;20px|20px|20px|20px|false|false&#8221; border_radii=&#8221;on|10px|10px|10px|10px&#8221; box_shadow_style=&#8221;preset2&#8243; global_colors_info=&#8221;{}&#8221;][et_pb_blurb title=&#8221;Roscado y Anclas&#8221; image=&#8221;https:\/\/ipnsa.mx\/wp-content\/uploads\/2025\/11\/Roscados-y-anclas.png&#8221; _builder_version=&#8221;4.27.4&#8243; _module_preset=&#8221;default&#8221; header_font=&#8221;Libre Franklin|600|||||||&#8221; header_text_align=&#8221;left&#8221; header_font_size=&#8221;17px&#8221; background_enable_color=&#8221;off&#8221; custom_margin=&#8221;||0px||false|false&#8221; border_radii=&#8221;on|3px|3px|3px|3px&#8221; global_colors_info=&#8221;{}&#8221;][\/et_pb_blurb][et_pb_button button_url=&#8221;https:\/\/ipnsa.mx\/?product_cat=roscado-y-anclas&#8221; button_text=&#8221;Ver productos&#8221; button_alignment=&#8221;left&#8221; _builder_version=&#8221;4.27.4&#8243; _module_preset=&#8221;default&#8221; custom_button=&#8221;on&#8221; button_text_size=&#8221;14px&#8221; filter_saturate=&#8221;0%&#8221; filter_brightness=&#8221;0%&#8221; filter_contrast=&#8221;200%&#8221; locked=&#8221;off&#8221; global_colors_info=&#8221;{}&#8221;][\/et_pb_button][\/et_pb_column][et_pb_column type=&#8221;1_3&#8243; _builder_version=&#8221;4.27.4&#8243; _module_preset=&#8221;default&#8221; custom_padding=&#8221;20px|20px|20px|20px|false|false&#8221; border_radii=&#8221;on|10px|10px|10px|10px&#8221; box_shadow_style=&#8221;preset2&#8243; global_colors_info=&#8221;{}&#8221;][et_pb_blurb title=&#8221;Fletes 750 kgs m\u00e1ximo&#8221; image=&#8221;https:\/\/ipnsa.mx\/wp-content\/uploads\/2025\/12\/carga.png&#8221; _builder_version=&#8221;4.27.4&#8243; _module_preset=&#8221;default&#8221; header_font=&#8221;Libre Franklin|600|||||||&#8221; header_text_align=&#8221;left&#8221; header_font_size=&#8221;17px&#8221; background_enable_color=&#8221;off&#8221; custom_margin=&#8221;||0px||false|false&#8221; hover_enabled=&#8221;0&#8243; border_radii=&#8221;on|3px|3px|3px|3px&#8221; global_colors_info=&#8221;{}&#8221; title_text=&#8221;carga&#8221; sticky_enabled=&#8221;0&#8243;][\/et_pb_blurb][et_pb_button button_url=&#8221;https:\/\/ipnsa.mx\/?product_cat=fletes-750-kgs-maximo&#8221; button_text=&#8221;Ver productos&#8221; button_alignment=&#8221;left&#8221; _builder_version=&#8221;4.27.4&#8243; _module_preset=&#8221;default&#8221; custom_button=&#8221;on&#8221; button_text_size=&#8221;14px&#8221; filter_saturate=&#8221;0%&#8221; filter_brightness=&#8221;0%&#8221; filter_contrast=&#8221;200%&#8221; locked=&#8221;off&#8221; global_colors_info=&#8221;{}&#8221;][\/et_pb_button][\/et_pb_column][et_pb_column type=&#8221;1_3&#8243; _builder_version=&#8221;4.27.4&#8243; _module_preset=&#8221;default&#8221; custom_padding=&#8221;20px|20px|20px|20px|false|false&#8221; border_radii=&#8221;on|10px|10px|10px|10px&#8221; box_shadow_style=&#8221;preset2&#8243; global_colors_info=&#8221;{}&#8221;][et_pb_blurb title=&#8221;Oficina M\u00f3vil Equipada para Residentes&#8221; image=&#8221;https:\/\/ipnsa.mx\/wp-content\/uploads\/2025\/12\/Movil.png&#8221; _builder_version=&#8221;4.27.4&#8243; _module_preset=&#8221;default&#8221; header_font=&#8221;Libre Franklin|600|||||||&#8221; header_text_align=&#8221;left&#8221; header_font_size=&#8221;17px&#8221; background_enable_color=&#8221;off&#8221; custom_margin=&#8221;||0px||false|false&#8221; hover_enabled=&#8221;0&#8243; border_radii=&#8221;on|3px|3px|3px|3px&#8221; global_colors_info=&#8221;{}&#8221; title_text=&#8221;Movil&#8221; sticky_enabled=&#8221;0&#8243;][\/et_pb_blurb][et_pb_button button_url=&#8221;https:\/\/ipnsa.mx\/?product_cat=oficina-movil-equipada-para-residentes&#8221; button_text=&#8221;Ver productos&#8221; button_alignment=&#8221;left&#8221; _builder_version=&#8221;4.27.4&#8243; _module_preset=&#8221;default&#8221; custom_button=&#8221;on&#8221; button_text_size=&#8221;14px&#8221; filter_saturate=&#8221;0%&#8221; filter_brightness=&#8221;0%&#8221; filter_contrast=&#8221;200%&#8221; locked=&#8221;off&#8221; global_colors_info=&#8221;{}&#8221;][\/et_pb_button][\/et_pb_column][\/et_pb_row][et_pb_row _builder_version=&#8221;4.27.4&#8243; module_alignment=&#8221;center&#8221; custom_margin=&#8221;36px|auto||auto||&#8221; custom_padding=&#8221;||70px||false|false&#8221; locked=&#8221;off&#8221; global_colors_info=&#8221;{}&#8221;][et_pb_column type=&#8221;4_4&#8243; _builder_version=&#8221;4.16&#8243; custom_padding=&#8221;|||&#8221; global_colors_info=&#8221;{}&#8221; custom_padding__hover=&#8221;|||&#8221;][et_pb_button button_url=&#8221;@ET-DC@eyJkeW5hbWljIjp0cnVlLCJjb250ZW50IjoicG9zdF9saW5rX3VybF9wYWdlIiwic2V0dGluZ3MiOnsicG9zdF9pZCI6IjI5In19@&#8221; button_text=&#8221;solicita cotizaci\u00f3n de renta&#8221; button_alignment=&#8221;center&#8221; _builder_version=&#8221;4.27.4&#8243; _dynamic_attributes=&#8221;button_url&#8221; custom_button=&#8221;on&#8221; button_text_size=&#8221;14px&#8221; button_text_color=&#8221;#FFFFFF&#8221; button_bg_color=&#8221;#000000&#8243; button_border_width=&#8221;1px&#8221; button_border_color=&#8221;#E09900&#8243; button_border_radius=&#8221;0px&#8221; button_letter_spacing=&#8221;3px&#8221; button_font=&#8221;Libre Franklin|700||on|||||&#8221; button_icon=&#8221;&#x3d;||divi||400&#8243; background_layout=&#8221;dark&#8221; custom_padding=&#8221;12px|30px|12px|30px|true|true&#8221; animation_style=&#8221;fold&#8221; animation_direction=&#8221;right&#8221; locked=&#8221;off&#8221; global_colors_info=&#8221;{}&#8221; button_text_size__hover_enabled=&#8221;off&#8221; button_one_text_size__hover_enabled=&#8221;off&#8221; button_two_text_size__hover_enabled=&#8221;off&#8221; button_text_color__hover_enabled=&#8221;on|hover&#8221; button_one_text_color__hover_enabled=&#8221;off&#8221; button_two_text_color__hover_enabled=&#8221;off&#8221; button_border_width__hover_enabled=&#8221;off&#8221; button_one_border_width__hover_enabled=&#8221;off&#8221; button_two_border_width__hover_enabled=&#8221;off&#8221; button_border_color__hover_enabled=&#8221;on|hover&#8221; button_one_border_color__hover_enabled=&#8221;off&#8221; button_two_border_color__hover_enabled=&#8221;off&#8221; button_border_radius__hover_enabled=&#8221;off&#8221; button_one_border_radius__hover_enabled=&#8221;off&#8221; button_two_border_radius__hover_enabled=&#8221;off&#8221; button_letter_spacing__hover_enabled=&#8221;off&#8221; button_one_letter_spacing__hover_enabled=&#8221;off&#8221; button_two_letter_spacing__hover_enabled=&#8221;off&#8221; button_bg_color__hover_enabled=&#8221;on|hover&#8221; button_one_bg_color__hover_enabled=&#8221;off&#8221; button_two_bg_color__hover_enabled=&#8221;off&#8221; button_bg_color__hover=&#8221;#E09900&#8243; button_bg_enable_color__hover=&#8221;on&#8221; button_border_color__hover=&#8221;#FFFFFF&#8221; button_text_color__hover=&#8221;#000000&#8243; button_icon_color__hover_enabled=&#8221;on|hover&#8221; button_icon_color__hover=&#8221;#000000&#8243;][\/et_pb_button][\/et_pb_column][\/et_pb_row][\/et_pb_section]<\/p>\n","protected":false},"excerpt":{"rendered":"<p>Maquinaria lista para trabajar, sin complicaciones ni demoras Ponemos a tu disposici\u00f3n un amplio inventario de equipos disponibles para renta en todo el estado de Nuevo Le\u00f3n. Todos nuestros equipos est\u00e1n calibrados y en \u00f3ptimas condiciones para maximizar tu productividad. Nuestro compromiso es claro: darte soluciones confiables, soporte inmediato y asesor\u00eda experta en cada etapa. [&hellip;]<\/p>\n","protected":false},"author":1,"featured_media":0,"parent":0,"menu_order":0,"comment_status":"closed","ping_status":"closed","template":"","meta":{"_acf_changed":false,"_et_pb_use_builder":"on","_et_pb_old_content":"<!-- wp:divi\/placeholder \/-->","_et_gb_content_width":"","footnotes":"","_links_to":"","_links_to_target":""},"dipi_cpt_category":[],"class_list":["post-18","page","type-page","status-publish","hentry"],"acf":[],"_links":{"self":[{"href":"https:\/\/ipnsa.mx\/index.php?rest_route=\/wp\/v2\/pages\/18","targetHints":{"allow":["GET"]}}],"collection":[{"href":"https:\/\/ipnsa.mx\/index.php?rest_route=\/wp\/v2\/pages"}],"about":[{"href":"https:\/\/ipnsa.mx\/index.php?rest_route=\/wp\/v2\/types\/page"}],"author":[{"embeddable":true,"href":"https:\/\/ipnsa.mx\/index.php?rest_route=\/wp\/v2\/users\/1"}],"replies":[{"embeddable":true,"href":"https:\/\/ipnsa.mx\/index.php?rest_route=%2Fwp%2Fv2%2Fcomments&post=18"}],"version-history":[{"count":43,"href":"https:\/\/ipnsa.mx\/index.php?rest_route=\/wp\/v2\/pages\/18\/revisions"}],"predecessor-version":[{"id":592,"href":"https:\/\/ipnsa.mx\/index.php?rest_route=\/wp\/v2\/pages\/18\/revisions\/592"}],"wp:attachment":[{"href":"https:\/\/ipnsa.mx\/index.php?rest_route=%2Fwp%2Fv2%2Fmedia&parent=18"}],"wp:term":[{"taxonomy":"dipi_cpt_category","embeddable":true,"href":"https:\/\/ipnsa.mx\/index.php?rest_route=%2Fwp%2Fv2%2Fdipi_cpt_category&post=18"}],"curies":[{"name":"wp","href":"https:\/\/api.w.org\/{rel}","templated":true}]}}