{"id":15,"date":"2025-11-07T23:38:40","date_gmt":"2025-11-07T23:38:40","guid":{"rendered":"https:\/\/diseno.ipnsa.mx\/?page_id=15"},"modified":"2025-12-10T20:04:17","modified_gmt":"2025-12-10T20:04:17","slug":"servicios","status":"publish","type":"page","link":"https:\/\/ipnsa.mx\/?page_id=15","title":{"rendered":"Servicios"},"content":{"rendered":"<p>[et_pb_section fb_built=&#8221;1&#8243; admin_label=&#8221;Header&#8221; _builder_version=&#8221;4.16&#8243; _module_preset=&#8221;default&#8221; background_color=&#8221;#000000&#8243; custom_padding=&#8221;80px||8px|||&#8221; global_colors_info=&#8221;{%22gcid-a1027310-177f-434f-a6d4-64bc6bfc2d09%22:%91%22colorEnd%22%93}&#8221;][et_pb_row column_structure=&#8221;3_5,2_5&#8243; _builder_version=&#8221;4.16&#8243; _module_preset=&#8221;default&#8221; custom_padding=&#8221;0px||||false|false&#8221; global_colors_info=&#8221;{}&#8221;][et_pb_column type=&#8221;3_5&#8243; _builder_version=&#8221;4.16&#8243; _module_preset=&#8221;default&#8221; global_colors_info=&#8221;{}&#8221;][et_pb_text _builder_version=&#8221;4.27.4&#8243; _module_preset=&#8221;d72c0383-6487-4f2c-ac5c-7d48a6376757&#8243; header_font=&#8221;Libre Franklin|700||on|||||&#8221; header_text_color=&#8221;#FFFFFF&#8221; header_font_size=&#8221;89px&#8221; header_line_height=&#8221;1.2em&#8221; max_width=&#8221;500px&#8221; header_font_size_tablet=&#8221;50px&#8221; header_font_size_phone=&#8221;24px&#8221; header_font_size_last_edited=&#8221;on|phone&#8221; locked=&#8221;off&#8221; global_colors_info=&#8221;{}&#8221;]<\/p>\n<h1>Nuestros servicios<\/h1>\n<p>[\/et_pb_text][\/et_pb_column][et_pb_column type=&#8221;2_5&#8243; _builder_version=&#8221;4.16&#8243; _module_preset=&#8221;default&#8221; global_colors_info=&#8221;{}&#8221;][et_pb_button button_url=&#8221;@ET-DC@eyJkeW5hbWljIjp0cnVlLCJjb250ZW50IjoicG9zdF9saW5rX3VybF9wYWdlIiwic2V0dGluZ3MiOnsicG9zdF9pZCI6IjI5In19@&#8221; button_text=&#8221;Obt\u00e9n un presupuesto&#8221; button_alignment=&#8221;right&#8221; _builder_version=&#8221;4.27.4&#8243; _dynamic_attributes=&#8221;button_url&#8221; _module_preset=&#8221;363528df-7a78-4b8b-b056-96826b579607&#8243; custom_button=&#8221;on&#8221; button_text_size=&#8221;14px&#8221; button_text_color=&#8221;#000000&#8243; button_bg_color=&#8221;#ffd600&#8243; button_border_width=&#8221;0px&#8221; button_border_radius=&#8221;0px&#8221; button_font=&#8221;Libre Franklin|600||on|||||&#8221; button_use_icon=&#8221;off&#8221; custom_padding=&#8221;18px|40px|18px|40px|true|true&#8221; custom_padding_tablet=&#8221;16px|35px|16px|35px|true|true&#8221; custom_padding_phone=&#8221;14px|30px|14px|30px|true|true&#8221; custom_padding_last_edited=&#8221;on|phone&#8221; button_text_size_tablet=&#8221;17px&#8221; button_text_size_phone=&#8221;16px&#8221; button_text_size_last_edited=&#8221;on|phone&#8221; locked=&#8221;off&#8221; global_colors_info=&#8221;{}&#8221; button_bg_color__hover=&#8221;#FFFFFF&#8221; button_bg_color__hover_enabled=&#8221;on|hover&#8221; button_bg_enable_color__hover=&#8221;on&#8221;][\/et_pb_button][\/et_pb_column][\/et_pb_row][\/et_pb_section][et_pb_section fb_built=&#8221;1&#8243; admin_label=&#8221;Services&#8221; _builder_version=&#8221;4.27.4&#8243; _module_preset=&#8221;default&#8221; background_enable_color=&#8221;off&#8221; background_enable_image=&#8221;off&#8221; background_size=&#8221;contain&#8221; background_position=&#8221;top_center&#8221; background_enable_mask_style=&#8221;on&#8221; background_mask_style=&#8221;caret&#8221; background_mask_color=&#8221;rgba(0,0,0,0.03)&#8221; background_mask_aspect_ratio=&#8221;portrait&#8221; custom_padding=&#8221;0vw||||false|false&#8221; global_colors_info=&#8221;{%22gcid-0f5dcbc4-ef7e-4c9a-9e04-5e1ca9e86317%22:%91%22background_color%22%93}&#8221;][et_pb_row _builder_version=&#8221;4.27.4&#8243; _module_preset=&#8221;default&#8221; custom_padding=&#8221;70px|||||&#8221; global_colors_info=&#8221;{}&#8221;][et_pb_column type=&#8221;4_4&#8243; _builder_version=&#8221;4.27.4&#8243; _module_preset=&#8221;default&#8221; global_colors_info=&#8221;{}&#8221;][et_pb_text _builder_version=&#8221;4.27.4&#8243; _module_preset=&#8221;default&#8221; text_font=&#8221;Libre Franklin|300|||||||&#8221; text_text_color=&#8221;#000000&#8243; text_font_size=&#8221;16px&#8221; text_line_height=&#8221;1.8em&#8221; text_orientation=&#8221;center&#8221; custom_margin=&#8221;||50px|||&#8221; custom_padding=&#8221;|80px||80px|false|true&#8221; custom_padding_tablet=&#8221;|80px||80px|false|true&#8221; custom_padding_phone=&#8221;|20px||20px|false|true&#8221; custom_padding_last_edited=&#8221;on|phone&#8221; global_colors_info=&#8221;{}&#8221;]<\/p>\n<p>Respaldados por la confianza de empresas l\u00edderes como Ternium, Dupont, Symrise y Grupo Alen, Industrias Quimicas del Itsmo Planta MTY y Grupo Villacero, contamos con un equipo altamente calificado, certificaciones nacionales y maquinaria especializada propia que nos permite ejecutar proyectos con est\u00e1ndares internacionales de seguridad, calidad y eficiencia.<\/p>\n<p>[\/et_pb_text][\/et_pb_column][\/et_pb_row][et_pb_row column_structure=&#8221;1_2,1_2&#8243; _builder_version=&#8221;4.27.4&#8243; _module_preset=&#8221;default&#8221; custom_margin=&#8221;|auto|60px|auto||&#8221; global_colors_info=&#8221;{}&#8221;][et_pb_column type=&#8221;1_2&#8243; _builder_version=&#8221;4.27.4&#8243; _module_preset=&#8221;default&#8221; global_colors_info=&#8221;{}&#8221;][et_pb_blurb title=&#8221;INSTALACI\u00d3N de TUBER\u00cdAS PL\u00c1STICAS&#8221; _builder_version=&#8221;4.27.4&#8243; _module_preset=&#8221;default&#8221; header_font=&#8221;Libre Franklin|700||on|||||&#8221; header_text_color=&#8221;#E02B20&#8243; header_font_size=&#8221;38px&#8221; header_line_height=&#8221;1.4em&#8221; body_font=&#8221;Libre Franklin|300|||||||&#8221; body_text_color=&#8221;#000000&#8243; custom_padding=&#8221;40px||||false|false&#8221; border_color_top=&#8221;#E09900&#8243; border_color_left=&#8221;#E02B20&#8243; global_colors_info=&#8221;{}&#8221;]<\/p>\n<p style=\"text-align: justify;\">Especialistas en sistemas de HDPE (Polietileno), PP-H (polipropileno), \u00a0PVDF, PVC y CPVC, utilizando t\u00e9cnicas como termofusi\u00f3n, electrofusi\u00f3n, soldadura a tope y cementado.<\/p>\n<p style=\"text-align: justify;\">Contamos con personal certificado por la AMGN, ideal para proyectos de conducci\u00f3n de agua, qu\u00edmicos y gas natural.<\/p>\n<p style=\"text-align: justify;\">Nuestro equipo asegura uniones duraderas, seguras y normativamente aprobadas. Atendemos desde peque\u00f1as instalaciones hasta redes completas en plantas industriales.<\/p>\n<p>[\/et_pb_blurb][\/et_pb_column][et_pb_column type=&#8221;1_2&#8243; _builder_version=&#8221;4.27.4&#8243; _module_preset=&#8221;default&#8221; global_colors_info=&#8221;{}&#8221;][et_pb_image src=&#8221;https:\/\/ipnsa.mx\/wp-content\/uploads\/2025\/11\/Gemini_Generated_Image_ta0404ta0404ta04.png&#8221; _builder_version=&#8221;4.27.4&#8243; _module_preset=&#8221;default&#8221; width=&#8221;80%&#8221; module_alignment=&#8221;right&#8221; border_radii=&#8221;on|8px|8px|8px|8px&#8221; box_shadow_style=&#8221;preset4&#8243; box_shadow_color=&#8221;#E09900&#8243; global_colors_info=&#8221;{}&#8221;][\/et_pb_image][\/et_pb_column][\/et_pb_row][et_pb_row column_structure=&#8221;1_2,1_2&#8243; _builder_version=&#8221;4.27.4&#8243; _module_preset=&#8221;default&#8221; global_colors_info=&#8221;{}&#8221;][et_pb_column type=&#8221;1_2&#8243; _builder_version=&#8221;4.27.4&#8243; _module_preset=&#8221;default&#8221; global_colors_info=&#8221;{}&#8221;][et_pb_image src=&#8221;https:\/\/ipnsa.mx\/wp-content\/uploads\/2025\/11\/Gemini_Generated_Image_2zmjb82zmjb82zmj.png&#8221; align=&#8221;center&#8221; _builder_version=&#8221;4.27.4&#8243; _module_preset=&#8221;default&#8221; width=&#8221;80%&#8221; module_alignment=&#8221;center&#8221; border_radii=&#8221;on|8px|8px|8px|8px&#8221; box_shadow_style=&#8221;preset4&#8243; box_shadow_color=&#8221;#E09900&#8243; global_colors_info=&#8221;{}&#8221;][\/et_pb_image][\/et_pb_column][et_pb_column type=&#8221;1_2&#8243; _builder_version=&#8221;4.27.4&#8243; _module_preset=&#8221;default&#8221; global_colors_info=&#8221;{}&#8221;][et_pb_blurb title=&#8221;INSTALACI\u00d3N de TUBER\u00cdAS MET\u00c1LICAS&#8221; _builder_version=&#8221;4.27.4&#8243; _module_preset=&#8221;default&#8221; header_font=&#8221;Libre Franklin|700||on|||||&#8221; header_text_color=&#8221;#E02B20&#8243; header_font_size=&#8221;38px&#8221; header_line_height=&#8221;1.4em&#8221; body_font=&#8221;Libre Franklin|300|||||||&#8221; body_text_color=&#8221;#000000&#8243; global_colors_info=&#8221;{}&#8221;]<\/p>\n<p style=\"text-align: justify;\">Ejecutamos montaje y soldadura de tuber\u00edas de acero al carb\u00f3n, acero inoxidable y titanio, utilizando procesos de soldadura con arg\u00f3n, electrodo revestido y alta frecuencia.<\/p>\n<p style=\"text-align: justify;\">Nuestro personal est\u00e1 calificado para proyectos de transporte de fluidos, vapor en condiciones de alta exigencia. Trabajamos con planos isom\u00e9tricos, soportes estructurales y accesorios industriales bajo especificaciones t\u00e9cnicas del cliente.<\/p>\n<p>[\/et_pb_blurb][\/et_pb_column][\/et_pb_row][et_pb_row column_structure=&#8221;1_2,1_2&#8243; _builder_version=&#8221;4.27.4&#8243; _module_preset=&#8221;default&#8221; global_colors_info=&#8221;{}&#8221;][et_pb_column type=&#8221;1_2&#8243; _builder_version=&#8221;4.27.4&#8243; _module_preset=&#8221;default&#8221; global_colors_info=&#8221;{}&#8221;][et_pb_blurb title=&#8221;INSTALACI\u00d3N EL\u00c9CTRICA INDUSTRIAL&#8221; _builder_version=&#8221;4.27.4&#8243; _module_preset=&#8221;default&#8221; header_font=&#8221;Libre Franklin|700||on|||||&#8221; header_text_color=&#8221;#E02B20&#8243; header_font_size=&#8221;38px&#8221; header_line_height=&#8221;1.4em&#8221; body_font=&#8221;Libre Franklin|300|||||||&#8221; body_text_color=&#8221;#000000&#8243; global_colors_info=&#8221;{}&#8221;]<\/p>\n<p style=\"text-align: justify;\">Ejecutamos proyectos el\u00e9ctricos de baja y media tensi\u00f3n que incluyen acometidas, distribuci\u00f3n de fuerza, sistemas de control, iluminaci\u00f3n industrial y tableros de obra.<\/p>\n<p style=\"text-align: justify;\">Nuestro equipo realiza instalaciones conforme a normativas vigentes y utilizando materiales certificados, garantizando eficiencia energ\u00e9tica y m\u00e1xima seguridad operativa en cada instalaci\u00f3n.<\/p>\n<p>[\/et_pb_blurb][\/et_pb_column][et_pb_column type=&#8221;1_2&#8243; _builder_version=&#8221;4.27.4&#8243; _module_preset=&#8221;default&#8221; global_colors_info=&#8221;{}&#8221;][et_pb_image src=&#8221;https:\/\/ipnsa.mx\/wp-content\/uploads\/2025\/11\/Gemini_Generated_Image_gzazb0gzazb0gzaz.png&#8221; title_text=&#8221;Gemini_Generated_Image_tcq60gtcq60gtcq6&#8243; align=&#8221;center&#8221; _builder_version=&#8221;4.27.4&#8243; _module_preset=&#8221;default&#8221; width=&#8221;80%&#8221; module_alignment=&#8221;center&#8221; border_radii=&#8221;on|8px|8px|8px|8px&#8221; box_shadow_style=&#8221;preset4&#8243; box_shadow_color=&#8221;#E09900&#8243; global_colors_info=&#8221;{}&#8221;][\/et_pb_image][\/et_pb_column][\/et_pb_row][et_pb_row column_structure=&#8221;1_2,1_2&#8243; _builder_version=&#8221;4.27.4&#8243; _module_preset=&#8221;default&#8221; global_colors_info=&#8221;{}&#8221;][et_pb_column type=&#8221;1_2&#8243; _builder_version=&#8221;4.27.4&#8243; _module_preset=&#8221;default&#8221; global_colors_info=&#8221;{}&#8221;][et_pb_image src=&#8221;https:\/\/ipnsa.mx\/wp-content\/uploads\/2025\/11\/Gemini_Generated_Image_nudsc9nudsc9nuds.png&#8221; title_text=&#8221;Gemini_Generated_Image_nudsc9nudsc9nuds&#8221; _builder_version=&#8221;4.27.4&#8243; _module_preset=&#8221;default&#8221; width=&#8221;80%&#8221; module_alignment=&#8221;right&#8221; border_radii=&#8221;on|8px|8px|8px|8px&#8221; box_shadow_style=&#8221;preset4&#8243; box_shadow_color=&#8221;#E09900&#8243; global_colors_info=&#8221;{}&#8221;][\/et_pb_image][\/et_pb_column][et_pb_column type=&#8221;1_2&#8243; _builder_version=&#8221;4.27.4&#8243; _module_preset=&#8221;default&#8221; global_colors_info=&#8221;{}&#8221;][et_pb_blurb title=&#8221;MONTAJE DE EQUIPOS Y MAQUINARIA&#8221; _builder_version=&#8221;4.27.4&#8243; _module_preset=&#8221;default&#8221; header_font=&#8221;Libre Franklin|700||on|||||&#8221; header_text_color=&#8221;#E02B20&#8243; header_font_size=&#8221;38px&#8221; header_line_height=&#8221;1.4em&#8221; body_font=&#8221;Libre Franklin|300|||||||&#8221; body_text_color=&#8221;#000000&#8243; global_colors_info=&#8221;{}&#8221;]<\/p>\n<p style=\"text-align: justify;\">Realizamos el traslado, montaje, alineaci\u00f3n y nivelaci\u00f3n de maquinaria industrial y equipos perif\u00e9ricos, asegurando su correcta operaci\u00f3n desde el primer encendido.<\/p>\n<p style=\"text-align: justify;\">Contamos con herramientas especializadas como tortugas, gatos hidr\u00e1ulicos, portapowers y tirfors, ideales para maniobras seguras dentro de plantas del sector metalmec\u00e1nico, alimenticio, qu\u00edmico, entre otros.<\/p>\n<p>[\/et_pb_blurb][\/et_pb_column][\/et_pb_row][et_pb_row column_structure=&#8221;1_2,1_2&#8243; _builder_version=&#8221;4.27.4&#8243; _module_preset=&#8221;default&#8221; global_colors_info=&#8221;{}&#8221;][et_pb_column type=&#8221;1_2&#8243; _builder_version=&#8221;4.27.4&#8243; _module_preset=&#8221;default&#8221; global_colors_info=&#8221;{}&#8221;][et_pb_blurb title=&#8221;SOLDADURA T\u00c9CNICA DE ALTO NIVEL&#8221; _builder_version=&#8221;4.27.4&#8243; _module_preset=&#8221;default&#8221; header_font=&#8221;Libre Franklin|700||on|||||&#8221; header_text_color=&#8221;#E02B20&#8243; header_font_size=&#8221;38px&#8221; header_line_height=&#8221;1.4em&#8221; body_font=&#8221;Libre Franklin|300|||||||&#8221; body_text_color=&#8221;#000000&#8243; global_colors_info=&#8221;{}&#8221;]<\/p>\n<p style=\"text-align: justify;\">Ejecutamos soldadura especializada en pl\u00e1sticos y metales, utilizando procesos como TIG, SMAW, extrusi\u00f3n, termofusi\u00f3n con maquinaria y equipo certificados, fabricamos piezas especiales, ducter\u00edas, tanques, recubrimientos y estructuras.<\/p>\n<p style=\"text-align: justify;\">Todo el personal cuenta con experiencia comprobable en obra industrial, contamos con nuestro propio equipo para verificar las juntas\/uniones, tambi\u00e9n trabajamos de la mano con varios laboratorios externos para garantizar nuestro trabajo<\/p>\n<p>[\/et_pb_blurb][\/et_pb_column][et_pb_column type=&#8221;1_2&#8243; _builder_version=&#8221;4.27.4&#8243; _module_preset=&#8221;default&#8221; global_colors_info=&#8221;{}&#8221;][et_pb_image src=&#8221;https:\/\/ipnsa.mx\/wp-content\/uploads\/2025\/11\/Gemini_Generated_Image_tcq60gtcq60gtcq6.png&#8221; _builder_version=&#8221;4.27.4&#8243; _module_preset=&#8221;default&#8221; width=&#8221;80%&#8221; module_alignment=&#8221;right&#8221; border_radii=&#8221;on|8px|8px|8px|8px&#8221; box_shadow_style=&#8221;preset4&#8243; box_shadow_color=&#8221;#E09900&#8243; global_colors_info=&#8221;{}&#8221;][\/et_pb_image][\/et_pb_column][\/et_pb_row][et_pb_row column_structure=&#8221;1_2,1_2&#8243; _builder_version=&#8221;4.27.4&#8243; _module_preset=&#8221;default&#8221; global_colors_info=&#8221;{}&#8221;][et_pb_column type=&#8221;1_2&#8243; _builder_version=&#8221;4.27.4&#8243; _module_preset=&#8221;default&#8221; global_colors_info=&#8221;{}&#8221;][et_pb_image src=&#8221;https:\/\/ipnsa.mx\/wp-content\/uploads\/2025\/11\/Gemini_Generated_Image_3s78173s78173s78.png&#8221; title_text=&#8221;Gemini_Generated_Image_3s78173s78173s78&#8243; _builder_version=&#8221;4.27.4&#8243; _module_preset=&#8221;default&#8221; width=&#8221;80%&#8221; module_alignment=&#8221;right&#8221; border_radii=&#8221;on|8px|8px|8px|8px&#8221; box_shadow_style=&#8221;preset4&#8243; box_shadow_color=&#8221;#E09900&#8243; global_colors_info=&#8221;{}&#8221;][\/et_pb_image][\/et_pb_column][et_pb_column type=&#8221;1_2&#8243; _builder_version=&#8221;4.27.4&#8243; _module_preset=&#8221;default&#8221; global_colors_info=&#8221;{}&#8221;][et_pb_blurb title=&#8221;PRUEBAS HIdROST\u00c1TICAS &#8221; _builder_version=&#8221;4.27.4&#8243; _module_preset=&#8221;default&#8221; header_font=&#8221;Libre Franklin|700||on|||||&#8221; header_text_color=&#8221;#E02B20&#8243; header_font_size=&#8221;38px&#8221; header_line_height=&#8221;1.4em&#8221; body_font=&#8221;Libre Franklin|300|||||||&#8221; body_text_color=&#8221;#000000&#8243; global_colors_info=&#8221;{}&#8221;]<\/p>\n<p>Realizamos pruebas de presi\u00f3n hasta 2000 psi, graficadas con equipos anal\u00f3gicos y digitales certificados por laboratorio.<\/p>\n<p>Nuestros termoman\u00f3grafos permiten verificar la integridad de tuber\u00edas y sistemas bajo condiciones reales de operaci\u00f3n. Garantizamos precisi\u00f3n en la ejecuci\u00f3n, documentaci\u00f3n completa y cumplimiento de normativas del cliente.<\/p>\n<p>[\/et_pb_blurb][\/et_pb_column][\/et_pb_row][et_pb_row column_structure=&#8221;1_2,1_2&#8243; _builder_version=&#8221;4.27.4&#8243; _module_preset=&#8221;default&#8221; global_colors_info=&#8221;{}&#8221;][et_pb_column type=&#8221;1_2&#8243; _builder_version=&#8221;4.27.4&#8243; _module_preset=&#8221;default&#8221; global_colors_info=&#8221;{}&#8221;][et_pb_blurb title=&#8221;mano de obra especializada&#8221; _builder_version=&#8221;4.27.4&#8243; _module_preset=&#8221;default&#8221; header_font=&#8221;Libre Franklin|700||on|||||&#8221; header_text_color=&#8221;#E02B20&#8243; header_font_size=&#8221;38px&#8221; header_line_height=&#8221;1.4em&#8221; body_font=&#8221;Libre Franklin|300|||||||&#8221; body_text_color=&#8221;#000000&#8243; global_colors_info=&#8221;{}&#8221;]<\/p>\n<p style=\"text-align: justify;\">Suministramos mano de obra especializada para proyectos industriales, comerciales y de infraestructura. Contamos con registro vigente en el REPSE, lo que garantiza el cumplimiento de todas las obligaciones legales y de seguridad para la contrataci\u00f3n de personal externo.<\/p>\n<p style=\"text-align: justify;\">Nuestro equipo est\u00e1 integrado por t\u00e9cnicos y especialistas certificados, filtrados mediante procesos de selecci\u00f3n estrictos, con ex\u00e1menes m\u00e9dicos peri\u00f3dicos y constancias de habilidades vigentes. Cada colaborador recibe capacitaci\u00f3n continua en sus diferentes disciplinas para asegurar un desempe\u00f1o seguro, eficiente y alineado a las normas aplicables.<\/p>\n<p style=\"text-align: justify;\">Con esto aseguramos que su proyecto cuente con personal confiable, competente y trazable, reduciendo riesgos operativos, mejorando la productividad y asegurando la calidad en cada etapa de la ejecuci\u00f3n.<\/p>\n<p>[\/et_pb_blurb][\/et_pb_column][et_pb_column type=&#8221;1_2&#8243; _builder_version=&#8221;4.27.4&#8243; _module_preset=&#8221;default&#8221; global_colors_info=&#8221;{}&#8221;][et_pb_image src=&#8221;https:\/\/ipnsa.mx\/wp-content\/uploads\/2025\/12\/mano-de-obra.png&#8221; _builder_version=&#8221;4.27.4&#8243; _module_preset=&#8221;default&#8221; width=&#8221;80%&#8221; module_alignment=&#8221;right&#8221; hover_enabled=&#8221;0&#8243; border_radii=&#8221;on|8px|8px|8px|8px&#8221; box_shadow_style=&#8221;preset4&#8243; box_shadow_color=&#8221;#E09900&#8243; global_colors_info=&#8221;{}&#8221; title_text=&#8221;mano de obra&#8221; sticky_enabled=&#8221;0&#8243;][\/et_pb_image][\/et_pb_column][\/et_pb_row][et_pb_row column_structure=&#8221;1_2,1_2&#8243; _builder_version=&#8221;4.16&#8243; _module_preset=&#8221;default&#8221; custom_margin=&#8221;100px||||false|false&#8221; custom_margin_tablet=&#8221;0px||||false|false&#8221; custom_margin_phone=&#8221;||||false|false&#8221; custom_margin_last_edited=&#8221;on|tablet&#8221; global_colors_info=&#8221;{}&#8221;][et_pb_column type=&#8221;1_2&#8243; _builder_version=&#8221;4.16&#8243; _module_preset=&#8221;default&#8221; global_colors_info=&#8221;{}&#8221;][et_pb_text _builder_version=&#8221;4.27.4&#8243; _module_preset=&#8221;32021f09-dd67-47fb-8f9a-832b72a38baf&#8221; header_2_font=&#8221;Libre Franklin|700||on|||||&#8221; header_2_text_color=&#8221;#000000&#8243; header_2_font_size=&#8221;38px&#8221; header_2_line_height=&#8221;1.1em&#8221; header_2_font_size_tablet=&#8221;40px&#8221; header_2_font_size_phone=&#8221;24px&#8221; header_2_font_size_last_edited=&#8221;on|phone&#8221; locked=&#8221;off&#8221; global_colors_info=&#8221;{}&#8221;]<\/p>\n<h2>\u00bfNo sabes qu\u00e9 necesitas? Ponte en contacto con nosotros.<\/h2>\n<p>[\/et_pb_text][\/et_pb_column][et_pb_column type=&#8221;1_2&#8243; _builder_version=&#8221;4.16&#8243; _module_preset=&#8221;default&#8221; global_colors_info=&#8221;{}&#8221;][et_pb_text _builder_version=&#8221;4.27.4&#8243; _module_preset=&#8221;1d866de3-b108-4c5f-bed3-2da9506a6915&#8243; text_font=&#8221;Libre Franklin||||||||&#8221; text_text_color=&#8221;#000000&#8243; header_font=&#8221;||||||||&#8221; header_4_font=&#8221;Libre Franklin|700|||||||&#8221; header_4_text_color=&#8221;#000000&#8243; header_4_font_size=&#8221;24px&#8221; header_4_line_height=&#8221;1.5em&#8221; custom_margin=&#8221;||10px||false|false&#8221; header_4_font_size_tablet=&#8221;18px&#8221; header_4_font_size_phone=&#8221;16px&#8221; header_4_font_size_last_edited=&#8221;on|phone&#8221; locked=&#8221;off&#8221; global_colors_info=&#8221;{}&#8221;]<\/p>\n<p><em>En IPNSA, la calidad, la seguridad y el cumplimiento normativo no son opcionales: son la base de todo lo que hacemos.<\/em><\/p>\n<p>[\/et_pb_text][et_pb_button button_url=&#8221;@ET-DC@eyJkeW5hbWljIjp0cnVlLCJjb250ZW50IjoicG9zdF9saW5rX3VybF9wYWdlIiwic2V0dGluZ3MiOnsicG9zdF9pZCI6IjI5In19@&#8221; button_text=&#8221;Cont\u00e1ctanos&#8221; admin_label=&#8221;Our Services&#8221; _builder_version=&#8221;4.27.4&#8243; _dynamic_attributes=&#8221;button_url&#8221; _module_preset=&#8221;a1a44e28-0dd8-4472-a0f2-f03501a13878&#8243; custom_button=&#8221;on&#8221; button_text_size=&#8221;16px&#8221; button_text_color=&#8221;gcid-0f5dcbc4-ef7e-4c9a-9e04-5e1ca9e86317&#8243; button_bg_color=&#8221;gcid-1a0de535-da79-4528-8eb1-c8e564b3cc22&#8243; button_border_width=&#8221;0px&#8221; button_border_radius=&#8221;0px&#8221; button_font=&#8221;Libre Franklin|600|||||||&#8221; button_use_icon=&#8221;off&#8221; custom_margin=&#8221;40px||||false|false&#8221; custom_padding=&#8221;12px|25px|12px|25px|true|true&#8221; custom_padding_tablet=&#8221;11px|20px|11px|20px|true|true&#8221; custom_padding_phone=&#8221;10px|18px|10px|18px|true|true&#8221; custom_padding_last_edited=&#8221;on|phone&#8221; button_text_size_tablet=&#8221;15px&#8221; button_text_size_phone=&#8221;14px&#8221; button_text_size_last_edited=&#8221;on|phone&#8221; locked=&#8221;off&#8221; global_colors_info=&#8221;{%22gcid-1a0de535-da79-4528-8eb1-c8e564b3cc22%22:%91%22button_bg_color%22%93,%22gcid-0f5dcbc4-ef7e-4c9a-9e04-5e1ca9e86317%22:%91%22button_text_color%22%93}&#8221; button_bg_color__hover=&#8221;#ffe568&#8243; button_bg_color__hover_enabled=&#8221;on|hover&#8221;][\/et_pb_button][\/et_pb_column][\/et_pb_row][\/et_pb_section]<\/p>\n","protected":false},"excerpt":{"rendered":"<p>Nuestros serviciosRespaldados por la confianza de empresas l\u00edderes como Ternium, Dupont, Symrise y Grupo Alen, Industrias Quimicas del Itsmo Planta MTY y Grupo Villacero, contamos con un equipo altamente calificado, certificaciones nacionales y maquinaria especializada propia que nos permite ejecutar proyectos con est\u00e1ndares internacionales de seguridad, calidad y eficiencia.Especialistas en sistemas de HDPE (Polietileno), PP-H [&hellip;]<\/p>\n","protected":false},"author":1,"featured_media":0,"parent":0,"menu_order":0,"comment_status":"closed","ping_status":"closed","template":"","meta":{"_acf_changed":false,"_et_pb_use_builder":"on","_et_pb_old_content":"<!-- wp:divi\/placeholder \/-->","_et_gb_content_width":"","footnotes":"","_links_to":"","_links_to_target":""},"dipi_cpt_category":[],"class_list":["post-15","page","type-page","status-publish","hentry"],"acf":[],"_links":{"self":[{"href":"https:\/\/ipnsa.mx\/index.php?rest_route=\/wp\/v2\/pages\/15","targetHints":{"allow":["GET"]}}],"collection":[{"href":"https:\/\/ipnsa.mx\/index.php?rest_route=\/wp\/v2\/pages"}],"about":[{"href":"https:\/\/ipnsa.mx\/index.php?rest_route=\/wp\/v2\/types\/page"}],"author":[{"embeddable":true,"href":"https:\/\/ipnsa.mx\/index.php?rest_route=\/wp\/v2\/users\/1"}],"replies":[{"embeddable":true,"href":"https:\/\/ipnsa.mx\/index.php?rest_route=%2Fwp%2Fv2%2Fcomments&post=15"}],"version-history":[{"count":27,"href":"https:\/\/ipnsa.mx\/index.php?rest_route=\/wp\/v2\/pages\/15\/revisions"}],"predecessor-version":[{"id":396,"href":"https:\/\/ipnsa.mx\/index.php?rest_route=\/wp\/v2\/pages\/15\/revisions\/396"}],"wp:attachment":[{"href":"https:\/\/ipnsa.mx\/index.php?rest_route=%2Fwp%2Fv2%2Fmedia&parent=15"}],"wp:term":[{"taxonomy":"dipi_cpt_category","embeddable":true,"href":"https:\/\/ipnsa.mx\/index.php?rest_route=%2Fwp%2Fv2%2Fdipi_cpt_category&post=15"}],"curies":[{"name":"wp","href":"https:\/\/api.w.org\/{rel}","templated":true}]}}